{"id":1846,"date":"2023-03-23T12:50:39","date_gmt":"2023-03-23T11:50:39","guid":{"rendered":"https:\/\/stubenjazz.de\/stj\/?page_id=1846"},"modified":"2023-05-17T18:29:16","modified_gmt":"2023-05-17T16:29:16","slug":"2-mai-2023","status":"publish","type":"page","link":"https:\/\/stubenjazz.de\/stj\/2-mai-2023\/","title":{"rendered":"2. Mai 2023"},"content":{"rendered":"\n<div id=\"\" class=\"wp-block-gosign-gosign-background-contianer gosign-color-section btn-full align-false default-padding no-margin boxed-width no-min-height darkColorLayout no-top-border no-bottom-border colorSectionFe background-scroll background-repeat overlay-false defined-width\"><div class=\"outer-container background-scroll\" style=\"background-repeat:repeat;background-color:#f2f2f2\"><div class=\"inner-container\"><div class=\"contentBlock\">\n<div class=\"wp-block-advgb-columns advgb-columns-wrapper\" id=\"advgb-cols-8cdf86c0-f60e-4170-923a-097127b336ba\"><div class=\"advgb-columns-container\"><div class=\"advgb-columns advgb-columns-row advgb-is-mobile advgb-columns-2 layout-12-12 mbl-layout-stacked vgutter-10\">\n<div class=\"wp-block-advgb-column advgb-column\" id=\"advgb-col-c156ca2a-5136-40b1-9ee0-9995f5e7f2a3\"><div class=\"advgb-column-inner\" style=\"border-style:none;border-width:1px\">\n<div class=\"wp-block-group\"><div class=\"wp-block-group__inner-container is-layout-constrained wp-block-group-is-layout-constrained\">\n<h4 class=\"wp-block-heading has-text-align-center has-custom-lineheight has-custom-letterspacing\" id=\"1-angaben-gem%C3%A4%C3%9F-%C2%A7-5-tmg\" style=\"line-height:1.56;letter-spacing:-1px;font-size:31px\"><span style=\"color: #000000;\" class=\"stk-highlight\"><strong>2. Mai 2023<\/strong><\/span><br><span style=\"color: #000000;\" class=\"stk-highlight\"><span style=\"color: #000000;\" class=\"stk-highlight\"><\/span><\/span><\/h4>\n<\/div><\/div>\n\n\n\n<div class=\"wp-block-stackable-text stk-block-text stk-block stk-30de2a5\" data-block-id=\"30de2a5\"><p class=\"stk-block-text__text has-text-align-center\">                            19.30 Uhr<br>                        <strong><a href=\"https:\/\/kommprobier.de\">KommproBier<\/a><\/strong> <br>                         M\u00fchlstrasse 28<br>           88085 Langenargen am Bodensee<br>                         <\/p><\/div>\n\n\n\n<p><\/p>\n\n\n\n<p><\/p>\n\n\n\n<p><\/p>\n\n\n\n<h2 class=\"wp-block-heading has-text-align-center\" id=\"1-angaben-gem%C3%A4%C3%9F-%C2%A7-5-tmg\"><span style=\"color: #000000;\" class=\"stk-highlight\">dAS quARTett<br>&amp;<br>Dorothea Dieckmann<\/span><\/h2>\n\n\n\n<div class=\"wp-block-stackable-image stk-block-image stk-block stk-3816ae0\" data-block-id=\"3816ae0\"><figure class=\"stk-img-wrapper stk-image--shape-stretch\"><img fetchpriority=\"high\" decoding=\"async\" class=\"stk-img wp-image-1886\" src=\"https:\/\/stubenjazz.de\/stj\/wp-content\/uploads\/2023\/03\/P1040644-scaled.jpg\" width=\"1920\" height=\"2560\" alt=\"Dorothea Dieckmann\" srcset=\"https:\/\/stubenjazz.de\/stj\/wp-content\/uploads\/2023\/03\/P1040644-scaled.jpg 1920w, https:\/\/stubenjazz.de\/stj\/wp-content\/uploads\/2023\/03\/P1040644-225x300.jpg 225w, https:\/\/stubenjazz.de\/stj\/wp-content\/uploads\/2023\/03\/P1040644-768x1024.jpg 768w, https:\/\/stubenjazz.de\/stj\/wp-content\/uploads\/2023\/03\/P1040644-1152x1536.jpg 1152w, https:\/\/stubenjazz.de\/stj\/wp-content\/uploads\/2023\/03\/P1040644-1536x2048.jpg 1536w\" sizes=\"(max-width: 1920px) 100vw, 1920px\" \/><\/figure><\/div>\n<\/div><\/div>\n\n\n\n<div class=\"wp-block-advgb-column advgb-column\" id=\"advgb-col-72e89bf3-846c-4d6a-b126-92f63fe3076b\"><div class=\"advgb-column-inner\" style=\"border-style:none;border-width:1px\">\n<div class=\"wp-block-uagb-image uagb-block-5eba20c0 wp-block-uagb-image--layout-default wp-block-uagb-image--effect-static wp-block-uagb-image--align-none\"><figure class=\"wp-block-uagb-image__figure\"><img loading=\"lazy\" decoding=\"async\" srcset=\"https:\/\/stubenjazz.de\/stj\/wp-content\/uploads\/2023\/03\/ohne-schrift.png \" sizes=\"(max-width: 480px) 150px\" src=\"https:\/\/stubenjazz.de\/stj\/wp-content\/uploads\/2023\/03\/ohne-schrift.png\" alt=\"\" class=\"uag-image-1920\" width=\"3782\" height=\"1772\" title=\"\" loading=\"lazy\"\/><\/figure><\/div>\n\n\n\n<p><br><strong><a rel=\"noreferrer noopener\" href=\"http:\/\/www.e-huegle.com\" target=\"_blank\">Ewald H\u00fcgle<\/a> <\/strong>&#8211; div. Saxophone<br><a href=\"https:\/\/stubenjazz.de\/stj\/michael-t-otto\/\" data-type=\"page\" data-id=\"571\"><strong>Michael T. Otto<\/strong><\/a> &#8211; div. Blechblasinstrumente<br><a rel=\"noreferrer noopener\" href=\"http:\/\/www.heinermerk.de\" target=\"_blank\"><strong>Heiner Merk<\/strong><\/a> &#8211; Kontrabass<br><strong><a rel=\"noreferrer noopener\" href=\"http:\/\/manzecchi.de\" target=\"_blank\">Patrick Manzecchi<\/a> <\/strong>&#8211; Schlagzeug<\/p>\n\n\n\n<p><a rel=\"noreferrer noopener\" href=\"https:\/\/www.dorothea-dieckmann.de\" target=\"_blank\"><strong>Dorothea Dieckmann<\/strong><\/a> &#8211; Schriftstellerin<\/p>\n\n\n\n<p>Dorothea Dieckmann ist freie Schriftstellerin. Neben ihren Buchver\u00f6ffentlichungen, zuletzt die Erz\u00e4hlung <em>Kirschenzeit <\/em>und der Essay<em> Das Land mit seinen Kindern. Ein Nachtbrief<\/em>, arbeitet sie als Literaturkritikerin und Essayistin und wurde mit zahlreichen Preisen und Stipendien ausgezeichnet. Nach Stationen in K\u00f6ln, Rom, Hamburg, dem Engadin und T\u00fcbingen lebt sie bei Freiburg. <\/p>\n\n\n\n<h2 class=\"wp-block-heading\"><br><span style=\"color: #000000;\" class=\"stk-highlight\">dAS quARTett \u2013 eine musikalische Spurensuche<\/span><\/h2>\n\n\n\n<p>Ausgehend vom Klangbild des Zeitgen\u00f6ssischen Jazz liegt das Spielideal der neugegr\u00fcndeten Formation dAS quARTett in der Kollektivimprovisation.<br>Hierzu steuern die Bandmitglieder musikalische Skizzen und Eigenkompositionen bei, die traditionell anmuten, doch stets \u00fcberraschen in der gestalterischen und gro\u00dfz\u00fcgigen Umsetzung.<\/p>\n\n\n\n<p>Michael T. Otto, Ewald H\u00fcgle, Heiner Merk und Patrick Manzecchi \u2013 allesamt bestens bekannt \u2013 profitieren von ihrer enormen Bandbreite und Spielerfahrung an der Seite u.a. von Albert Mangelsdorff, Arthur Blythe, Paolo Fresu, Arkady Shilkloper und G\u00fcnter Baby Sommer.<\/p>\n\n\n\n<p class=\"has-black-color has-text-color\"><\/p>\n<\/div><\/div>\n<\/div><\/div><\/div>\n\n\n\n<div style=\"height:100px\" aria-hidden=\"true\" class=\"wp-block-spacer\"><\/div>\n\n\n\t\t\t\t\t<div\n\t\t\t\t\t\tclass=\"wp-block-uagb-image-gallery uagb-block-479bfb99     \"\n\t\t\t\t\t\tstyle=\"\"\n\t\t\t\t\t>\n\t\t\t\t\t\t\t\t\t\t\t<div class=\"spectra-image-gallery spectra-image-gallery__layout--grid spectra-image-gallery__layout--grid-col-3 spectra-image-gallery__layout--grid-col-tab-3 spectra-image-gallery__layout--grid-col-mob-2\">\n\t\t\t\t\t\t\t\t\t\t\t<div class='spectra-image-gallery__media-wrapper' data-spectra-gallery-image-id='2649' tabindex=\"0\">\n\t\t\t\t\t\t\t<div class=\"spectra-image-gallery__media spectra-image-gallery__media--grid\">\n\t\t\t\t<picture>\n\t\t\t\t\t<source media=\"(min-width: 1024px)\" srcset=\"https:\/\/stubenjazz.de\/stj\/wp-content\/uploads\/2023\/05\/1-KB2_1216-A.jpeg\">\n\t\t\t\t\t<source media=\"(min-width: 768px)\" srcset=\"https:\/\/stubenjazz.de\/stj\/wp-content\/uploads\/2023\/05\/1-KB2_1216-A.jpeg\">\n\t\t\t\t\t<img decoding=\"async\" class=\"spectra-image-gallery__media-thumbnail spectra-image-gallery__media-thumbnail--grid\" src=\"https:\/\/stubenjazz.de\/stj\/wp-content\/uploads\/2023\/05\/1-KB2_1216-A-300x200.jpeg\" alt=\"Veranstaltung 2. Mai 2023 - Foto: Karl Boczek\" loading=\"lazy\" \/>\n\t\t\t\t<\/picture>\n\t\t\t\t<div class=\"spectra-image-gallery__media-thumbnail-blurrer\"><\/div>\n\t\t\t\t\t\t\t\t\t\t\t<div class=\"spectra-image-gallery__media-thumbnail-caption-wrapper spectra-image-gallery__media-thumbnail-caption-wrapper--overlay\"><\/div>\n\t\t\t\t\t\t\t\t<\/div>\n\t\t\t\t\t\t<\/div>\n\t\t\t\t\t\t<div class='spectra-image-gallery__media-wrapper' data-spectra-gallery-image-id='2642' tabindex=\"0\">\n\t\t\t\t\t\t\t<div class=\"spectra-image-gallery__media spectra-image-gallery__media--grid\">\n\t\t\t\t<picture>\n\t\t\t\t\t<source media=\"(min-width: 1024px)\" srcset=\"https:\/\/stubenjazz.de\/stj\/download\/2643\/?tmstv=1684339421&#038;v=2644\">\n\t\t\t\t\t<source media=\"(min-width: 768px)\" srcset=\"https:\/\/stubenjazz.de\/stj\/download\/2643\/?tmstv=1684339421&#038;v=2644\">\n\t\t\t\t\t<img decoding=\"async\" class=\"spectra-image-gallery__media-thumbnail spectra-image-gallery__media-thumbnail--grid\" src=\"https:\/\/stubenjazz.de\/stj\/download\/2643\/KB2_1374-A-200x300.jpeg\" alt=\"Veranstaltung 2. Mai 2023 - Foto: Karl Boczek\" loading=\"lazy\" \/>\n\t\t\t\t<\/picture>\n\t\t\t\t<div class=\"spectra-image-gallery__media-thumbnail-blurrer\"><\/div>\n\t\t\t\t\t\t\t\t\t\t\t<div class=\"spectra-image-gallery__media-thumbnail-caption-wrapper spectra-image-gallery__media-thumbnail-caption-wrapper--overlay\"><\/div>\n\t\t\t\t\t\t\t\t<\/div>\n\t\t\t\t\t\t<\/div>\n\t\t\t\t\t\t<div class='spectra-image-gallery__media-wrapper' data-spectra-gallery-image-id='2650' tabindex=\"0\">\n\t\t\t\t\t\t\t<div class=\"spectra-image-gallery__media spectra-image-gallery__media--grid\">\n\t\t\t\t<picture>\n\t\t\t\t\t<source media=\"(min-width: 1024px)\" srcset=\"https:\/\/stubenjazz.de\/stj\/wp-content\/uploads\/2023\/05\/4-KB2_1280-A.jpeg\">\n\t\t\t\t\t<source media=\"(min-width: 768px)\" srcset=\"https:\/\/stubenjazz.de\/stj\/wp-content\/uploads\/2023\/05\/4-KB2_1280-A.jpeg\">\n\t\t\t\t\t<img decoding=\"async\" class=\"spectra-image-gallery__media-thumbnail spectra-image-gallery__media-thumbnail--grid\" src=\"https:\/\/stubenjazz.de\/stj\/wp-content\/uploads\/2023\/05\/4-KB2_1280-A-300x300.jpeg\" alt=\"Veranstaltung 2. Mai 2023 - Foto: Karl Boczek\" loading=\"lazy\" \/>\n\t\t\t\t<\/picture>\n\t\t\t\t<div class=\"spectra-image-gallery__media-thumbnail-blurrer\"><\/div>\n\t\t\t\t\t\t\t\t\t\t\t<div class=\"spectra-image-gallery__media-thumbnail-caption-wrapper spectra-image-gallery__media-thumbnail-caption-wrapper--overlay\"><\/div>\n\t\t\t\t\t\t\t\t<\/div>\n\t\t\t\t\t\t<\/div>\n\t\t\t\t\t\t<div class='spectra-image-gallery__media-wrapper' data-spectra-gallery-image-id='2641' tabindex=\"0\">\n\t\t\t\t\t\t\t<div class=\"spectra-image-gallery__media spectra-image-gallery__media--grid\">\n\t\t\t\t<picture>\n\t\t\t\t\t<source media=\"(min-width: 1024px)\" srcset=\"https:\/\/stubenjazz.de\/stj\/wp-content\/uploads\/2023\/05\/4-KB2_1285-A.jpeg\">\n\t\t\t\t\t<source media=\"(min-width: 768px)\" srcset=\"https:\/\/stubenjazz.de\/stj\/wp-content\/uploads\/2023\/05\/4-KB2_1285-A.jpeg\">\n\t\t\t\t\t<img decoding=\"async\" class=\"spectra-image-gallery__media-thumbnail spectra-image-gallery__media-thumbnail--grid\" src=\"https:\/\/stubenjazz.de\/stj\/wp-content\/uploads\/2023\/05\/4-KB2_1285-A-300x300.jpeg\" alt=\"Veranstaltung 2. Mai 2023 - Foto: Karl Boczek\" loading=\"lazy\" \/>\n\t\t\t\t<\/picture>\n\t\t\t\t<div class=\"spectra-image-gallery__media-thumbnail-blurrer\"><\/div>\n\t\t\t\t\t\t\t\t\t\t\t<div class=\"spectra-image-gallery__media-thumbnail-caption-wrapper spectra-image-gallery__media-thumbnail-caption-wrapper--overlay\"><\/div>\n\t\t\t\t\t\t\t\t<\/div>\n\t\t\t\t\t\t<\/div>\n\t\t\t\t\t\t<div class='spectra-image-gallery__media-wrapper' data-spectra-gallery-image-id='2640' tabindex=\"0\">\n\t\t\t\t\t\t\t<div class=\"spectra-image-gallery__media spectra-image-gallery__media--grid\">\n\t\t\t\t<picture>\n\t\t\t\t\t<source media=\"(min-width: 1024px)\" srcset=\"https:\/\/stubenjazz.de\/stj\/wp-content\/uploads\/2023\/05\/4-KB2_1226-A.jpeg\">\n\t\t\t\t\t<source media=\"(min-width: 768px)\" srcset=\"https:\/\/stubenjazz.de\/stj\/wp-content\/uploads\/2023\/05\/4-KB2_1226-A.jpeg\">\n\t\t\t\t\t<img decoding=\"async\" class=\"spectra-image-gallery__media-thumbnail spectra-image-gallery__media-thumbnail--grid\" src=\"https:\/\/stubenjazz.de\/stj\/wp-content\/uploads\/2023\/05\/4-KB2_1226-A-300x200.jpeg\" alt=\"Veranstaltung 2. Mai 2023 - Foto: Karl Boczek\" loading=\"lazy\" \/>\n\t\t\t\t<\/picture>\n\t\t\t\t<div class=\"spectra-image-gallery__media-thumbnail-blurrer\"><\/div>\n\t\t\t\t\t\t\t\t\t\t\t<div class=\"spectra-image-gallery__media-thumbnail-caption-wrapper spectra-image-gallery__media-thumbnail-caption-wrapper--overlay\"><\/div>\n\t\t\t\t\t\t\t\t<\/div>\n\t\t\t\t\t\t<\/div>\n\t\t\t\t\t\t<div class='spectra-image-gallery__media-wrapper' data-spectra-gallery-image-id='2637' tabindex=\"0\">\n\t\t\t\t\t\t\t<div class=\"spectra-image-gallery__media spectra-image-gallery__media--grid\">\n\t\t\t\t<picture>\n\t\t\t\t\t<source media=\"(min-width: 1024px)\" srcset=\"https:\/\/stubenjazz.de\/stj\/wp-content\/uploads\/2023\/05\/1-KB2_1249-A.jpeg\">\n\t\t\t\t\t<source media=\"(min-width: 768px)\" srcset=\"https:\/\/stubenjazz.de\/stj\/wp-content\/uploads\/2023\/05\/1-KB2_1249-A.jpeg\">\n\t\t\t\t\t<img decoding=\"async\" class=\"spectra-image-gallery__media-thumbnail spectra-image-gallery__media-thumbnail--grid\" src=\"https:\/\/stubenjazz.de\/stj\/wp-content\/uploads\/2023\/05\/1-KB2_1249-A-300x200.jpeg\" alt=\"Veranstaltung 2. Mai 2023 - Foto: Karl Boczek\" loading=\"lazy\" \/>\n\t\t\t\t<\/picture>\n\t\t\t\t<div class=\"spectra-image-gallery__media-thumbnail-blurrer\"><\/div>\n\t\t\t\t\t\t\t\t\t\t\t<div class=\"spectra-image-gallery__media-thumbnail-caption-wrapper spectra-image-gallery__media-thumbnail-caption-wrapper--overlay\"><\/div>\n\t\t\t\t\t\t\t\t<\/div>\n\t\t\t\t\t\t<\/div>\n\t\t\t\t\t\t<div class='spectra-image-gallery__media-wrapper' data-spectra-gallery-image-id='2638' tabindex=\"0\">\n\t\t\t\t\t\t\t<div class=\"spectra-image-gallery__media spectra-image-gallery__media--grid\">\n\t\t\t\t<picture>\n\t\t\t\t\t<source media=\"(min-width: 1024px)\" srcset=\"https:\/\/stubenjazz.de\/stj\/wp-content\/uploads\/2023\/05\/1-KB2_1350-A.jpeg\">\n\t\t\t\t\t<source media=\"(min-width: 768px)\" srcset=\"https:\/\/stubenjazz.de\/stj\/wp-content\/uploads\/2023\/05\/1-KB2_1350-A.jpeg\">\n\t\t\t\t\t<img decoding=\"async\" class=\"spectra-image-gallery__media-thumbnail spectra-image-gallery__media-thumbnail--grid\" src=\"https:\/\/stubenjazz.de\/stj\/wp-content\/uploads\/2023\/05\/1-KB2_1350-A-300x200.jpeg\" alt=\"Veranstaltung 2. Mai 2023 - Foto: Karl Boczek\" loading=\"lazy\" \/>\n\t\t\t\t<\/picture>\n\t\t\t\t<div class=\"spectra-image-gallery__media-thumbnail-blurrer\"><\/div>\n\t\t\t\t\t\t\t\t\t\t\t<div class=\"spectra-image-gallery__media-thumbnail-caption-wrapper spectra-image-gallery__media-thumbnail-caption-wrapper--overlay\"><\/div>\n\t\t\t\t\t\t\t\t<\/div>\n\t\t\t\t\t\t<\/div>\n\t\t\t\t\t\t<div class='spectra-image-gallery__media-wrapper' data-spectra-gallery-image-id='2636' tabindex=\"0\">\n\t\t\t\t\t\t\t<div class=\"spectra-image-gallery__media spectra-image-gallery__media--grid\">\n\t\t\t\t<picture>\n\t\t\t\t\t<source media=\"(min-width: 1024px)\" srcset=\"https:\/\/stubenjazz.de\/stj\/wp-content\/uploads\/2023\/05\/1-KB2_1248-A.jpeg\">\n\t\t\t\t\t<source media=\"(min-width: 768px)\" srcset=\"https:\/\/stubenjazz.de\/stj\/wp-content\/uploads\/2023\/05\/1-KB2_1248-A.jpeg\">\n\t\t\t\t\t<img decoding=\"async\" class=\"spectra-image-gallery__media-thumbnail spectra-image-gallery__media-thumbnail--grid\" src=\"https:\/\/stubenjazz.de\/stj\/wp-content\/uploads\/2023\/05\/1-KB2_1248-A-300x200.jpeg\" alt=\"Veranstaltung 2. Mai 2023 - Foto: Karl Boczek\" loading=\"lazy\" \/>\n\t\t\t\t<\/picture>\n\t\t\t\t<div class=\"spectra-image-gallery__media-thumbnail-blurrer\"><\/div>\n\t\t\t\t\t\t\t\t\t\t\t<div class=\"spectra-image-gallery__media-thumbnail-caption-wrapper spectra-image-gallery__media-thumbnail-caption-wrapper--overlay\"><\/div>\n\t\t\t\t\t\t\t\t<\/div>\n\t\t\t\t\t\t<\/div>\n\t\t\t\t\t\t<div class='spectra-image-gallery__media-wrapper' data-spectra-gallery-image-id='2639' tabindex=\"0\">\n\t\t\t\t\t\t\t<div class=\"spectra-image-gallery__media spectra-image-gallery__media--grid\">\n\t\t\t\t<picture>\n\t\t\t\t\t<source media=\"(min-width: 1024px)\" srcset=\"https:\/\/stubenjazz.de\/stj\/wp-content\/uploads\/2023\/05\/2-KB2_1348-A.jpeg\">\n\t\t\t\t\t<source media=\"(min-width: 768px)\" srcset=\"https:\/\/stubenjazz.de\/stj\/wp-content\/uploads\/2023\/05\/2-KB2_1348-A.jpeg\">\n\t\t\t\t\t<img decoding=\"async\" class=\"spectra-image-gallery__media-thumbnail spectra-image-gallery__media-thumbnail--grid\" src=\"https:\/\/stubenjazz.de\/stj\/wp-content\/uploads\/2023\/05\/2-KB2_1348-A-300x200.jpeg\" alt=\"Veranstaltung 2. Mai 2023 - Foto: Karl Boczek\" loading=\"lazy\" \/>\n\t\t\t\t<\/picture>\n\t\t\t\t<div class=\"spectra-image-gallery__media-thumbnail-blurrer\"><\/div>\n\t\t\t\t\t\t\t\t\t\t\t<div class=\"spectra-image-gallery__media-thumbnail-caption-wrapper spectra-image-gallery__media-thumbnail-caption-wrapper--overlay\"><\/div>\n\t\t\t\t\t\t\t\t<\/div>\n\t\t\t\t\t\t<\/div>\n\t\t\t\t\t\t\t\t\t\t<\/div>\n\t\t\t\t\t\t\t\t\t\t\t\t\t\t\t\t\t\t<\/div>\n\t\t\t\t\t\t\t\t\t<\/div><\/div><\/div><\/div>\n<style class=\"advgb-styles-renderer\">.stk-3816ae0 .stk-img-wrapper{width:50% !important;height:50% !important}.stk-3816ae0 .stk-img-wrapper img{object-position:49% 19% !important}#advgb-cols-8cdf86c0-f60e-4170-923a-097127b336ba{}@media screen and (max-width: 1023px) {#advgb-cols-8cdf86c0-f60e-4170-923a-097127b336ba{}}@media screen and (max-width: 767px) {#advgb-cols-8cdf86c0-f60e-4170-923a-097127b336ba{}}#advgb-col-c156ca2a-5136-40b1-9ee0-9995f5e7f2a3>.advgb-column-inner{}@media screen and (max-width: 1023px) {#advgb-col-c156ca2a-5136-40b1-9ee0-9995f5e7f2a3>.advgb-column-inner{}}@media screen and (max-width: 767px) {#advgb-col-c156ca2a-5136-40b1-9ee0-9995f5e7f2a3>.advgb-column-inner{}}#advgb-col-72e89bf3-846c-4d6a-b126-92f63fe3076b>.advgb-column-inner{}@media screen and (max-width: 1023px) {#advgb-col-72e89bf3-846c-4d6a-b126-92f63fe3076b>.advgb-column-inner{}}@media screen and (max-width: 767px) {#advgb-col-72e89bf3-846c-4d6a-b126-92f63fe3076b>.advgb-column-inner{}}<\/style>","protected":false},"excerpt":{"rendered":"","protected":false},"author":1,"featured_media":0,"parent":0,"menu_order":0,"comment_status":"closed","ping_status":"closed","template":"page-templates\/page-fullwidth.php","meta":{"_coblocks_attr":"","_coblocks_dimensions":"","_coblocks_responsive_height":"","_coblocks_accordion_ie_support":"","_uag_custom_page_level_css":"","ub_ctt_via":"","advgb_blocks_editor_width":"","advgb_blocks_columns_visual_guide":"","footnotes":""},"featured_image_src":null,"uagb_featured_image_src":{"full":false,"thumbnail":false,"medium":false,"medium_large":false,"large":false,"1536x1536":false,"2048x2048":false},"uagb_author_info":{"display_name":"Andrea","author_link":"https:\/\/stubenjazz.de\/stj\/author\/andrea\/"},"uagb_comment_info":0,"uagb_excerpt":null,"coauthors":[],"author_meta":{"author_link":"https:\/\/stubenjazz.de\/stj\/author\/andrea\/","display_name":"Andrea"},"relative_dates":{"created":"Posted 3\u00a0Jahren ago","modified":"Updated 3\u00a0Jahren ago"},"absolute_dates":{"created":"Posted on 23. M\u00e4rz 2023","modified":"Updated on 17. Mai 2023"},"absolute_dates_time":{"created":"Posted on 23. M\u00e4rz 2023 12:50","modified":"Updated on 17. Mai 2023 18:29"},"featured_img_caption":"","featured_img":false,"series_order":"","_links":{"self":[{"href":"https:\/\/stubenjazz.de\/stj\/wp-json\/wp\/v2\/pages\/1846"}],"collection":[{"href":"https:\/\/stubenjazz.de\/stj\/wp-json\/wp\/v2\/pages"}],"about":[{"href":"https:\/\/stubenjazz.de\/stj\/wp-json\/wp\/v2\/types\/page"}],"author":[{"embeddable":true,"href":"https:\/\/stubenjazz.de\/stj\/wp-json\/wp\/v2\/users\/1"}],"replies":[{"embeddable":true,"href":"https:\/\/stubenjazz.de\/stj\/wp-json\/wp\/v2\/comments?post=1846"}],"version-history":[{"count":81,"href":"https:\/\/stubenjazz.de\/stj\/wp-json\/wp\/v2\/pages\/1846\/revisions"}],"predecessor-version":[{"id":2655,"href":"https:\/\/stubenjazz.de\/stj\/wp-json\/wp\/v2\/pages\/1846\/revisions\/2655"}],"wp:attachment":[{"href":"https:\/\/stubenjazz.de\/stj\/wp-json\/wp\/v2\/media?parent=1846"}],"curies":[{"name":"wp","href":"https:\/\/api.w.org\/{rel}","templated":true}]}}