{"id":2781,"date":"2023-08-27T14:02:58","date_gmt":"2023-08-27T12:02:58","guid":{"rendered":"https:\/\/stubenjazz.de\/stj\/?page_id=2781"},"modified":"2023-09-28T13:56:32","modified_gmt":"2023-09-28T11:56:32","slug":"7-november-2023","status":"publish","type":"page","link":"https:\/\/stubenjazz.de\/stj\/7-november-2023\/","title":{"rendered":"7. November 2023"},"content":{"rendered":"\n<div id=\"\" class=\"wp-block-gosign-gosign-background-contianer gosign-color-section btn-full align-false default-padding no-margin boxed-width no-min-height darkColorLayout no-top-border no-bottom-border colorSectionFe background-scroll background-repeat overlay-false defined-width\"><div class=\"outer-container background-scroll\" style=\"background-repeat:repeat;background-color:#f2f2f2\"><div class=\"inner-container\"><div class=\"contentBlock\">\n<div class=\"wp-block-advgb-columns advgb-columns-wrapper\" id=\"advgb-cols-1b893906-0cdd-4020-99d6-6bad8b5278c6\"><div class=\"advgb-columns-container\"><div class=\"advgb-columns advgb-columns-row advgb-is-mobile advgb-columns-2 layout-12-12 mbl-layout-stacked vgutter-10\">\n<div class=\"wp-block-advgb-column advgb-column\" id=\"advgb-col-3d751156-3b7d-4bf8-8bbc-c3ba6d3c7601\"><div class=\"advgb-column-inner\" style=\"border-style:none;border-width:1px\">\n<div class=\"wp-block-group\"><div class=\"wp-block-group__inner-container is-layout-constrained wp-block-group-is-layout-constrained\">\n<h4 class=\"wp-block-heading has-text-align-center has-custom-lineheight has-custom-letterspacing\" id=\"1-angaben-gem%C3%A4%C3%9F-%C2%A7-5-tmg\" style=\"line-height:1.56;letter-spacing:-1px;font-size:31px\"><span style=\"color: #000000;\" class=\"stk-highlight\"><strong>7. November 2023<\/strong><\/span><br><span style=\"color: #000000;\" class=\"stk-highlight\"><span style=\"color: #000000;\" class=\"stk-highlight\"><\/span><\/span><\/h4>\n<\/div><\/div>\n\n\n\n<div class=\"wp-block-stackable-text stk-block-text stk-block stk-30de2a5\" data-block-id=\"30de2a5\"><p class=\"stk-block-text__text has-text-align-center\">                            19.30 Uhr<br>                        <strong><a rel=\"noreferrer noopener\" href=\"https:\/\/kommprobier.de\" target=\"_blank\">KommproBier<\/a><\/strong> <br>                         M\u00fchlstrasse 28<br>           88085 Langenargen am Bodensee<br><br><strong>!!! NEU !!!<\/strong><\/p><\/div>\n\n\n\n<div class=\"wp-block-stackable-text stk-block-text stk-block stk-58548ce\" data-block-id=\"58548ce\"><p class=\"stk-block-text__text has-text-align-center\"><br><a href=\"https:\/\/shop.ticketpay.de\/2XROV5ZJ\">Kartenvorverkauf<\/a> (13 Euro)<br>Abendkasse 15 Euro<br><strong>Einlass 19 Uhr<\/strong><\/p><\/div>\n\n\n\n<div class=\"wp-block-stackable-text stk-block-text stk-block stk-3a53b29\" data-block-id=\"3a53b29\"><p class=\"stk-block-text__text has-text-align-center\"><br><br><br>                         <\/p><\/div>\n\n\n\n<p><\/p>\n\n\n\n<p><\/p>\n\n\n\n<p><\/p>\n\n\n\n<h2 class=\"wp-block-heading has-text-align-center\" id=\"1-angaben-gem%C3%A4%C3%9F-%C2%A7-5-tmg\"><span style=\"color: #000000;\" class=\"stk-highlight\">QUARTETT <br>&amp;<br>Chris Inken Soppa<\/span><\/h2>\n\n\n\n<div class=\"wp-block-stackable-image stk-block-image stk-block stk-3816ae0\" data-block-id=\"3816ae0\"><figure class=\"stk-img-wrapper stk-image--shape-stretch\"><img fetchpriority=\"high\" decoding=\"async\" class=\"stk-img wp-image-2784\" src=\"https:\/\/stubenjazz.de\/stj\/wp-content\/uploads\/2023\/08\/Autorenbild-CISoppa-RGB_von_Ralf_Staiger-scaled.jpg\" width=\"1707\" height=\"2560\" alt=\"Dorothea Dieckmann\" srcset=\"https:\/\/stubenjazz.de\/stj\/wp-content\/uploads\/2023\/08\/Autorenbild-CISoppa-RGB_von_Ralf_Staiger-scaled.jpg 1707w, https:\/\/stubenjazz.de\/stj\/wp-content\/uploads\/2023\/08\/Autorenbild-CISoppa-RGB_von_Ralf_Staiger-200x300.jpg 200w, https:\/\/stubenjazz.de\/stj\/wp-content\/uploads\/2023\/08\/Autorenbild-CISoppa-RGB_von_Ralf_Staiger-683x1024.jpg 683w, https:\/\/stubenjazz.de\/stj\/wp-content\/uploads\/2023\/08\/Autorenbild-CISoppa-RGB_von_Ralf_Staiger-768x1152.jpg 768w, https:\/\/stubenjazz.de\/stj\/wp-content\/uploads\/2023\/08\/Autorenbild-CISoppa-RGB_von_Ralf_Staiger-1024x1536.jpg 1024w, https:\/\/stubenjazz.de\/stj\/wp-content\/uploads\/2023\/08\/Autorenbild-CISoppa-RGB_von_Ralf_Staiger-1365x2048.jpg 1365w\" sizes=\"(max-width: 1707px) 100vw, 1707px\" \/><\/figure><\/div>\n<\/div><\/div>\n\n\n\n<div class=\"wp-block-advgb-column advgb-column\" id=\"advgb-col-1368a0ee-382c-4c64-a686-6da4ba9c467d\"><div class=\"advgb-column-inner\" style=\"border-style:none;border-width:1px\">\n<div class=\"wp-block-stackable-image stk-block-image has-text-align-left stk-block stk-6c36829\" data-block-id=\"6c36829\"><\/div>\n\n\n\t\t\t\t\t<div\n\t\t\t\t\t\tclass=\"wp-block-uagb-image-gallery uagb-block-3a63265e     \"\n\t\t\t\t\t\tstyle=\"\"\n\t\t\t\t\t>\n\t\t\t\t\t\t\t\t\t\t\t<div class=\"spectra-image-gallery spectra-image-gallery__layout--masonry spectra-image-gallery__layout--masonry-col-2 spectra-image-gallery__layout--masonry-col-tab-3 spectra-image-gallery__layout--masonry-col-mob-2\">\n\t\t\t\t\t\t\t\t\t\t\t<div class='spectra-image-gallery__media-wrapper--isotope'>\n\t\t\t\t\t\t\t<div class='spectra-image-gallery__media-wrapper' data-spectra-gallery-image-id='2787' tabindex=\"0\">\n\t\t\t\t\t\t\t<div class=\"spectra-image-gallery__media spectra-image-gallery__media--masonry\">\n\t\t\t\t<picture>\n\t\t\t\t\t<source media=\"(min-width: 1024px)\" srcset=\"https:\/\/stubenjazz.de\/stj\/wp-content\/uploads\/2023\/08\/michael-t-otto-669x1024.png\">\n\t\t\t\t\t<source media=\"(min-width: 768px)\" srcset=\"https:\/\/stubenjazz.de\/stj\/wp-content\/uploads\/2023\/08\/michael-t-otto-669x1024.png\">\n\t\t\t\t\t<img decoding=\"async\" class=\"spectra-image-gallery__media-thumbnail spectra-image-gallery__media-thumbnail--masonry\" src=\"https:\/\/stubenjazz.de\/stj\/wp-content\/uploads\/2023\/08\/michael-t-otto-196x300.png\" alt=\"Michael T. Otto\" loading=\"lazy\" \/>\n\t\t\t\t<\/picture>\n\t\t\t\t<div class=\"spectra-image-gallery__media-thumbnail-blurrer\"><\/div>\n\t\t\t\t\t\t\t\t\t\t\t<div class=\"spectra-image-gallery__media-thumbnail-caption-wrapper spectra-image-gallery__media-thumbnail-caption-wrapper--overlay\">\n\t\t\t\t\t\t\t\t\t\t\t<div class=\"spectra-image-gallery__media-thumbnail-caption spectra-image-gallery__media-thumbnail-caption--overlay\">\n\t\t\t\t\tMichael T. Otto\t\t\t\t<\/div>\n\t\t\t\t\t\t\t\t\t\t<\/div>\n\t\t\t\t\t\t\t\t\t<\/div>\n\t\t\t\t\t\t<\/div>\n\t\t\t\t\t\t<\/div>\n\t\t\t\t\t\t<div class='spectra-image-gallery__media-wrapper--isotope'>\n\t\t\t\t\t\t\t<div class='spectra-image-gallery__media-wrapper' data-spectra-gallery-image-id='2785' tabindex=\"0\">\n\t\t\t\t\t\t\t<div class=\"spectra-image-gallery__media spectra-image-gallery__media--masonry\">\n\t\t\t\t<picture>\n\t\t\t\t\t<source media=\"(min-width: 1024px)\" srcset=\"https:\/\/stubenjazz.de\/stj\/wp-content\/uploads\/2023\/08\/Eva-Maria-Ogrzewalla-684x1024.jpg\">\n\t\t\t\t\t<source media=\"(min-width: 768px)\" srcset=\"https:\/\/stubenjazz.de\/stj\/wp-content\/uploads\/2023\/08\/Eva-Maria-Ogrzewalla-684x1024.jpg\">\n\t\t\t\t\t<img decoding=\"async\" class=\"spectra-image-gallery__media-thumbnail spectra-image-gallery__media-thumbnail--masonry\" src=\"https:\/\/stubenjazz.de\/stj\/wp-content\/uploads\/2023\/08\/Eva-Maria-Ogrzewalla-200x300.jpg\" alt=\"Eva Maria Ogrzewalla\" loading=\"lazy\" \/>\n\t\t\t\t<\/picture>\n\t\t\t\t<div class=\"spectra-image-gallery__media-thumbnail-blurrer\"><\/div>\n\t\t\t\t\t\t\t\t\t\t\t<div class=\"spectra-image-gallery__media-thumbnail-caption-wrapper spectra-image-gallery__media-thumbnail-caption-wrapper--overlay\">\n\t\t\t\t\t\t\t\t\t\t\t<div class=\"spectra-image-gallery__media-thumbnail-caption spectra-image-gallery__media-thumbnail-caption--overlay\">\n\t\t\t\t\tEva Maria Ogrzewalla\t\t\t\t<\/div>\n\t\t\t\t\t\t\t\t\t\t<\/div>\n\t\t\t\t\t\t\t\t\t<\/div>\n\t\t\t\t\t\t<\/div>\n\t\t\t\t\t\t<\/div>\n\t\t\t\t\t\t<div class='spectra-image-gallery__media-wrapper--isotope'>\n\t\t\t\t\t\t\t<div class='spectra-image-gallery__media-wrapper' data-spectra-gallery-image-id='2865' tabindex=\"0\">\n\t\t\t\t\t\t\t<div class=\"spectra-image-gallery__media spectra-image-gallery__media--masonry\">\n\t\t\t\t<picture>\n\t\t\t\t\t<source media=\"(min-width: 1024px)\" srcset=\"https:\/\/stubenjazz.de\/stj\/wp-content\/uploads\/2023\/08\/Isolde-Werner-1024x1024.jpg\">\n\t\t\t\t\t<source media=\"(min-width: 768px)\" srcset=\"https:\/\/stubenjazz.de\/stj\/wp-content\/uploads\/2023\/08\/Isolde-Werner-1024x1024.jpg\">\n\t\t\t\t\t<img decoding=\"async\" class=\"spectra-image-gallery__media-thumbnail spectra-image-gallery__media-thumbnail--masonry\" src=\"https:\/\/stubenjazz.de\/stj\/wp-content\/uploads\/2023\/08\/Isolde-Werner-300x300.jpg\" alt=\"Isolde Werner\" loading=\"lazy\" \/>\n\t\t\t\t<\/picture>\n\t\t\t\t<div class=\"spectra-image-gallery__media-thumbnail-blurrer\"><\/div>\n\t\t\t\t\t\t\t\t\t\t\t<div class=\"spectra-image-gallery__media-thumbnail-caption-wrapper spectra-image-gallery__media-thumbnail-caption-wrapper--overlay\">\n\t\t\t\t\t\t\t\t\t\t\t<div class=\"spectra-image-gallery__media-thumbnail-caption spectra-image-gallery__media-thumbnail-caption--overlay\">\n\t\t\t\t\tIsolde Werner\t\t\t\t<\/div>\n\t\t\t\t\t\t\t\t\t\t<\/div>\n\t\t\t\t\t\t\t\t\t<\/div>\n\t\t\t\t\t\t<\/div>\n\t\t\t\t\t\t<\/div>\n\t\t\t\t\t\t<div class='spectra-image-gallery__media-wrapper--isotope'>\n\t\t\t\t\t\t\t<div class='spectra-image-gallery__media-wrapper' data-spectra-gallery-image-id='2786' tabindex=\"0\">\n\t\t\t\t\t\t\t<div class=\"spectra-image-gallery__media spectra-image-gallery__media--masonry\">\n\t\t\t\t<picture>\n\t\t\t\t\t<source media=\"(min-width: 1024px)\" srcset=\"https:\/\/stubenjazz.de\/stj\/wp-content\/uploads\/2023\/08\/Karoline_Hoefler.png\">\n\t\t\t\t\t<source media=\"(min-width: 768px)\" srcset=\"https:\/\/stubenjazz.de\/stj\/wp-content\/uploads\/2023\/08\/Karoline_Hoefler.png\">\n\t\t\t\t\t<img decoding=\"async\" class=\"spectra-image-gallery__media-thumbnail spectra-image-gallery__media-thumbnail--masonry\" src=\"https:\/\/stubenjazz.de\/stj\/wp-content\/uploads\/2023\/08\/Karoline_Hoefler-300x296.png\" alt=\"Karoline H\u00f6fler\" loading=\"lazy\" \/>\n\t\t\t\t<\/picture>\n\t\t\t\t<div class=\"spectra-image-gallery__media-thumbnail-blurrer\"><\/div>\n\t\t\t\t\t\t\t\t\t\t\t<div class=\"spectra-image-gallery__media-thumbnail-caption-wrapper spectra-image-gallery__media-thumbnail-caption-wrapper--overlay\">\n\t\t\t\t\t\t\t\t\t\t\t<div class=\"spectra-image-gallery__media-thumbnail-caption spectra-image-gallery__media-thumbnail-caption--overlay\">\n\t\t\t\t\tKaroline H\u00f6fler\t\t\t\t<\/div>\n\t\t\t\t\t\t\t\t\t\t<\/div>\n\t\t\t\t\t\t\t\t\t<\/div>\n\t\t\t\t\t\t<\/div>\n\t\t\t\t\t\t<\/div>\n\t\t\t\t\t\t\t\t\t\t<\/div>\n\t\t\t\t\t\t\t\t\t\t\t\t\t\t\t\t\t\t<\/div>\n\t\t\t\t\t\t\t\t\t\n\n\n<p><strong>QUARTETT&nbsp;<\/strong><\/p>\n\n\n\n<p><\/p>\n\n\n\n<p><strong>Ein Experiment wird es am 7. November geben. Die Musikerinnen und der Musiker standen noch nie zuvor zusammen uf der B\u00fchne. Teilweise kennen sie sich von anderen Formationen aber in dieser Besetzung wird es eine Premiere sein<\/strong> <strong>und eine \u00dcberraschung f\u00fcr alle Beteiligten. Die Musik wird frisch und frei von der Leber weg f\u00fcr Sie improvisiert\u00a0und wird sich bunt schillernd zwischen<\/strong> <strong>den Genres Elektronische und Experimentelle Musik, Jazz, Folk, Klassik und Pop bewegen.\u00a0<\/strong><\/p>\n\n\n\n<p><\/p>\n\n\n\n<p><\/p>\n\n\n\n<p><\/p>\n\n\n\n<p><\/p>\n\n\n\n<p><\/p>\n\n\n\n<p><a href=\"https:\/\/stubenjazz.de\/stj\/michael-t-otto\/\" data-type=\"page\" data-id=\"571\"><strong>Michael T. Otto<\/strong><\/a>  &#8211; div. Blechblasinstrumente und Live-Elektronik<\/p>\n\n\n\n<p><a rel=\"noreferrer noopener\" href=\"https:\/\/www.instagram.com\/evamariaogrzewalla\/\" target=\"_blank\">Eva Maria Ogrzewalla<\/a> &#8211;  Piano und Synthesizer<\/p>\n\n\n\n<p><a rel=\"noreferrer noopener\" href=\"http:\/\/www.isoldewerner.de\/\" target=\"_blank\">Isolde Werner<\/a> &#8211; Gitarre, Gesang und Sounds<\/p>\n\n\n\n<p><a rel=\"noreferrer noopener\" href=\"https:\/\/www.karoline-hoefler.de\" target=\"_blank\">Karoline H\u00f6fler<\/a> &#8211; Kontrabass <\/p>\n\n\n\n<p><\/p>\n\n\n\n<p><\/p>\n\n\n\n<p><br><\/p>\n\n\n\n<h2 class=\"wp-block-heading\"><span style=\"color: #000000;\" class=\"stk-highlight\">Chris Inken Soppa <\/span><\/h2>\n\n\n\n<p>wuchs in Friedrichshafen auf und lebt heute in Konstanz. Nach ihrem Studienabschluss in Anglistik und Romanistik an der Universit\u00e4t Konstanz und am Trinity College, Dublin war sie als Nachrichtenredakteurin t\u00e4tig, au\u00dferdem als Koordinatorin der Konstanzer Internationalen Sommerschule f\u00fcr Literaturwissenschaft. Chris Inken Soppa arbeitet als \u00dcbersetzerin und geh\u00f6rt seit 2012 der Meersburger Autorenrunde an. Seit 2019 Mitherausgeberin des &#8222;Literarischen Jahresheftes Mauerl\u00e4ufer&#8220;. Sie schreibt Kurzgeschichten und Romane; zuletzt erschienen ihre historischen Romanbiografien &#8222;Der gro\u00dfe Muntprat&#8220; (2020) und &#8222;Hortense de Beauharnais \u2013 Ein Leben im Schatten Napol\u00e9ons&#8220; (2022).<br><\/p>\n\n\n\n<p><a href=\"https:\/\/www.bodenseekreis.de\/bildung-kultur\/kultur\/salem2salem\/s2s-2014\/kuenstler\/chris-inken-soppa-de\/\" target=\"_blank\" rel=\"noreferrer noopener\">https:\/\/www.bodenseekreis.de\/bildung-kultur\/kultur\/salem2salem\/s2s-2014\/kuenstler\/chris-inken-soppa-de\/<\/a><\/p>\n\n\n\n<h2 class=\"wp-block-heading\"><br><span style=\"color: #000000;\" class=\"stk-highlight\"><\/span><\/h2>\n\n\n\n<p class=\"has-black-color has-text-color\"><\/p>\n<\/div><\/div>\n<\/div><\/div><\/div>\n<\/div><\/div><\/div><\/div>\n<style class=\"advgb-styles-renderer\">.stk-3816ae0 .stk-img-wrapper{width:50% !important;height:50% !important}.stk-3816ae0 .stk-img-wrapper img{object-position:49% 19% !important}.stk-6c36829 .stk-img-wrapper{width:50% !important;height:50% !important}#advgb-cols-1b893906-0cdd-4020-99d6-6bad8b5278c6{}@media screen and (max-width: 1023px) {#advgb-cols-1b893906-0cdd-4020-99d6-6bad8b5278c6{}}@media screen and (max-width: 767px) {#advgb-cols-1b893906-0cdd-4020-99d6-6bad8b5278c6{}}#advgb-col-3d751156-3b7d-4bf8-8bbc-c3ba6d3c7601>.advgb-column-inner{}@media screen and (max-width: 1023px) {#advgb-col-3d751156-3b7d-4bf8-8bbc-c3ba6d3c7601>.advgb-column-inner{}}@media screen and (max-width: 767px) {#advgb-col-3d751156-3b7d-4bf8-8bbc-c3ba6d3c7601>.advgb-column-inner{}}#advgb-col-1368a0ee-382c-4c64-a686-6da4ba9c467d>.advgb-column-inner{}@media screen and (max-width: 1023px) {#advgb-col-1368a0ee-382c-4c64-a686-6da4ba9c467d>.advgb-column-inner{}}@media screen and (max-width: 767px) {#advgb-col-1368a0ee-382c-4c64-a686-6da4ba9c467d>.advgb-column-inner{}}<\/style>","protected":false},"excerpt":{"rendered":"","protected":false},"author":1,"featured_media":0,"parent":0,"menu_order":0,"comment_status":"closed","ping_status":"closed","template":"page-templates\/page-fullwidth.php","meta":{"_coblocks_attr":"","_coblocks_dimensions":"","_coblocks_responsive_height":"","_coblocks_accordion_ie_support":"","_uag_custom_page_level_css":"","ub_ctt_via":"","advgb_blocks_editor_width":"","advgb_blocks_columns_visual_guide":"","footnotes":""},"featured_image_src":null,"uagb_featured_image_src":{"full":false,"thumbnail":false,"medium":false,"medium_large":false,"large":false,"1536x1536":false,"2048x2048":false},"uagb_author_info":{"display_name":"Andrea","author_link":"https:\/\/stubenjazz.de\/stj\/author\/andrea\/"},"uagb_comment_info":0,"uagb_excerpt":null,"coauthors":[],"author_meta":{"author_link":"https:\/\/stubenjazz.de\/stj\/author\/andrea\/","display_name":"Andrea"},"relative_dates":{"created":"Posted 3\u00a0Jahren ago","modified":"Updated 3\u00a0Jahren ago"},"absolute_dates":{"created":"Posted on 27. August 2023","modified":"Updated on 28. September 2023"},"absolute_dates_time":{"created":"Posted on 27. August 2023 14:02","modified":"Updated on 28. September 2023 13:56"},"featured_img_caption":"","featured_img":false,"series_order":"","_links":{"self":[{"href":"https:\/\/stubenjazz.de\/stj\/wp-json\/wp\/v2\/pages\/2781"}],"collection":[{"href":"https:\/\/stubenjazz.de\/stj\/wp-json\/wp\/v2\/pages"}],"about":[{"href":"https:\/\/stubenjazz.de\/stj\/wp-json\/wp\/v2\/types\/page"}],"author":[{"embeddable":true,"href":"https:\/\/stubenjazz.de\/stj\/wp-json\/wp\/v2\/users\/1"}],"replies":[{"embeddable":true,"href":"https:\/\/stubenjazz.de\/stj\/wp-json\/wp\/v2\/comments?post=2781"}],"version-history":[{"count":29,"href":"https:\/\/stubenjazz.de\/stj\/wp-json\/wp\/v2\/pages\/2781\/revisions"}],"predecessor-version":[{"id":2926,"href":"https:\/\/stubenjazz.de\/stj\/wp-json\/wp\/v2\/pages\/2781\/revisions\/2926"}],"wp:attachment":[{"href":"https:\/\/stubenjazz.de\/stj\/wp-json\/wp\/v2\/media?parent=2781"}],"curies":[{"name":"wp","href":"https:\/\/api.w.org\/{rel}","templated":true}]}}