{"id":2842,"date":"2023-08-27T15:47:33","date_gmt":"2023-08-27T13:47:33","guid":{"rendered":"https:\/\/stubenjazz.de\/stj\/?page_id=2842"},"modified":"2024-07-22T15:57:25","modified_gmt":"2024-07-22T13:57:25","slug":"5-maerz-2024","status":"publish","type":"page","link":"https:\/\/stubenjazz.de\/stj\/5-maerz-2024\/","title":{"rendered":"5. M\u00e4rz 2024"},"content":{"rendered":"\n<div id=\"\" class=\"wp-block-gosign-gosign-background-contianer gosign-color-section btn-full align-false default-padding no-margin boxed-width no-min-height darkColorLayout no-top-border no-bottom-border colorSectionFe background-scroll background-repeat overlay-false defined-width\"><div class=\"outer-container background-scroll\" style=\"background-repeat:repeat;background-color:#f2f2f2\"><div class=\"inner-container\"><div class=\"contentBlock\">\n<div class=\"wp-block-advgb-columns advgb-columns-wrapper\" id=\"advgb-cols-ac60ae3a-f5e0-4bf3-891b-16b47c3c2db2\"><div class=\"advgb-columns-container\"><div class=\"advgb-columns advgb-columns-row advgb-is-mobile advgb-columns-2 layout-12-12 mbl-layout-stacked vgutter-10\">\n<div class=\"wp-block-advgb-column advgb-column\" id=\"advgb-col-b4ff3014-36c6-4d04-9092-9366323ddc89\"><div class=\"advgb-column-inner\" style=\"border-style:none;border-width:1px\">\n<div class=\"wp-block-group\"><div class=\"wp-block-group__inner-container is-layout-constrained wp-block-group-is-layout-constrained\">\n<h4 class=\"wp-block-heading has-text-align-center has-custom-lineheight has-custom-letterspacing\" id=\"1-angaben-gem%C3%A4%C3%9F-%C2%A7-5-tmg\" style=\"line-height:1.56;letter-spacing:-1px;font-size:31px\"><span style=\"color: #000000;\" class=\"stk-highlight\"><strong>5. M\u00e4rz 2024 <\/strong><\/span><br><span style=\"color: #000000;\" class=\"stk-highlight\"><span style=\"color: #000000;\" class=\"stk-highlight\"><\/span><\/span><\/h4>\n<\/div><\/div>\n\n\n\n<div class=\"wp-block-stackable-text stk-block-text stk-block stk-30de2a5\" data-block-id=\"30de2a5\"><p class=\"stk-block-text__text has-text-align-center\">                            19.30 Uhr<br>                        <strong><a href=\"https:\/\/kommprobier.de\" target=\"_blank\" rel=\"noreferrer noopener\">KommproBier<\/a><\/strong> <br>                         M\u00fchlstrasse 28<br>           88085 Langenargen am Bodensee<br><br><strong>Vorverkauf (13 Euro)<\/strong><br>Abendkasse 15 Euro<br><strong>Einlass 19 Uhr<\/strong><br>                         <\/p><\/div>\n\n\n\n<p><\/p>\n\n\n\n<p><\/p>\n\n\n\n<p><\/p>\n\n\n\n<h2 class=\"wp-block-heading has-text-align-center\" id=\"1-angaben-gem%C3%A4%C3%9F-%C2%A7-5-tmg\"><span style=\"color: #000000;\" class=\"stk-highlight\">Trio mit  Michael T. Otto &#8211; Benjamin Engel &#8211; Jonas Engel<br>&amp;<br>Barbara Marie Hofmann<\/span><\/h2>\n\n\n\n<div class=\"wp-block-stackable-image stk-block-image stk-block stk-3816ae0\" data-block-id=\"3816ae0\"><figure><span class=\"stk-img-wrapper stk-image--shape-stretch\"><img fetchpriority=\"high\" decoding=\"async\" class=\"stk-img wp-image-2856\" src=\"https:\/\/stubenjazz.de\/stj\/wp-content\/uploads\/2023\/08\/Barbara-Marie-Hofmann.png\" width=\"452\" height=\"640\" alt=\"Dorothea Dieckmann\" srcset=\"https:\/\/stubenjazz.de\/stj\/wp-content\/uploads\/2023\/08\/Barbara-Marie-Hofmann.png 452w, https:\/\/stubenjazz.de\/stj\/wp-content\/uploads\/2023\/08\/Barbara-Marie-Hofmann-212x300.png 212w\" sizes=\"(max-width: 452px) 100vw, 452px\" \/><\/span><\/figure><\/div>\n<\/div><\/div>\n\n\n\n<div class=\"wp-block-advgb-column advgb-column\" id=\"advgb-col-85e95c7a-e656-4b48-8265-19301e446ec2\"><div class=\"advgb-column-inner\" style=\"border-style:none;border-width:1px\">\n<div class=\"wp-block-stackable-image stk-block-image stk-block stk-6c36829\" data-block-id=\"6c36829\"><\/div>\n\n\n\t\t\t\t\t<div\n\t\t\t\t\t\tclass=\"wp-block-uagb-image-gallery uagb-block-c819650e     \"\n\t\t\t\t\t\tstyle=\"\"\n\t\t\t\t\t>\n\t\t\t\t\t\t\t\t\t\t\t<div class=\"spectra-image-gallery spectra-image-gallery__layout--masonry spectra-image-gallery__layout--masonry-col-2 spectra-image-gallery__layout--masonry-col-tab-3 spectra-image-gallery__layout--masonry-col-mob-2\">\n\t\t\t\t\t\t\t\t\t\t\t<div class='spectra-image-gallery__media-wrapper--isotope'>\n\t\t\t\t\t\t\t<div class='spectra-image-gallery__media-wrapper' data-spectra-gallery-image-id='2853' tabindex=\"0\">\n\t\t\t\t\t\t\t<div class=\"spectra-image-gallery__media spectra-image-gallery__media--masonry\">\n\t\t\t\t<picture>\n\t\t\t\t\t<source media=\"(min-width: 1024px)\" srcset=\"https:\/\/stubenjazz.de\/stj\/wp-content\/uploads\/2023\/08\/Michael-T-Otto-1-1024x679.png\">\n\t\t\t\t\t<source media=\"(min-width: 768px)\" srcset=\"https:\/\/stubenjazz.de\/stj\/wp-content\/uploads\/2023\/08\/Michael-T-Otto-1-1024x679.png\">\n\t\t\t\t\t<img decoding=\"async\" class=\"spectra-image-gallery__media-thumbnail spectra-image-gallery__media-thumbnail--masonry\" src=\"https:\/\/stubenjazz.de\/stj\/wp-content\/uploads\/2023\/08\/Michael-T-Otto-1-300x199.png\" alt=\"Michael T. Otto\" loading=\"lazy\" \/>\n\t\t\t\t<\/picture>\n\t\t\t\t<div class=\"spectra-image-gallery__media-thumbnail-blurrer\"><\/div>\n\t\t\t\t\t\t\t\t\t\t\t<div class=\"spectra-image-gallery__media-thumbnail-caption-wrapper spectra-image-gallery__media-thumbnail-caption-wrapper--overlay\">\n\t\t\t\t\t\t\t\t\t\t\t<div class=\"spectra-image-gallery__media-thumbnail-caption spectra-image-gallery__media-thumbnail-caption--overlay\">\n\t\t\t\t\tMichael T. Otto\t\t\t\t<\/div>\n\t\t\t\t\t\t\t\t\t\t<\/div>\n\t\t\t\t\t\t\t\t\t<\/div>\n\t\t\t\t\t\t<\/div>\n\t\t\t\t\t\t<\/div>\n\t\t\t\t\t\t<div class='spectra-image-gallery__media-wrapper--isotope'>\n\t\t\t\t\t\t\t<div class='spectra-image-gallery__media-wrapper' data-spectra-gallery-image-id='2854' tabindex=\"0\">\n\t\t\t\t\t\t\t<div class=\"spectra-image-gallery__media spectra-image-gallery__media--masonry\">\n\t\t\t\t<picture>\n\t\t\t\t\t<source media=\"(min-width: 1024px)\" srcset=\"https:\/\/stubenjazz.de\/stj\/wp-content\/uploads\/2023\/08\/Benjamin-Engel-930x1024.png\">\n\t\t\t\t\t<source media=\"(min-width: 768px)\" srcset=\"https:\/\/stubenjazz.de\/stj\/wp-content\/uploads\/2023\/08\/Benjamin-Engel-930x1024.png\">\n\t\t\t\t\t<img decoding=\"async\" class=\"spectra-image-gallery__media-thumbnail spectra-image-gallery__media-thumbnail--masonry\" src=\"https:\/\/stubenjazz.de\/stj\/wp-content\/uploads\/2023\/08\/Benjamin-Engel-273x300.png\" alt=\"Benjamin Engel\" loading=\"lazy\" \/>\n\t\t\t\t<\/picture>\n\t\t\t\t<div class=\"spectra-image-gallery__media-thumbnail-blurrer\"><\/div>\n\t\t\t\t\t\t\t\t\t\t\t<div class=\"spectra-image-gallery__media-thumbnail-caption-wrapper spectra-image-gallery__media-thumbnail-caption-wrapper--overlay\">\n\t\t\t\t\t\t\t\t\t\t\t<div class=\"spectra-image-gallery__media-thumbnail-caption spectra-image-gallery__media-thumbnail-caption--overlay\">\n\t\t\t\t\tBenjamin Engel\t\t\t\t<\/div>\n\t\t\t\t\t\t\t\t\t\t<\/div>\n\t\t\t\t\t\t\t\t\t<\/div>\n\t\t\t\t\t\t<\/div>\n\t\t\t\t\t\t<\/div>\n\t\t\t\t\t\t<div class='spectra-image-gallery__media-wrapper--isotope'>\n\t\t\t\t\t\t\t<div class='spectra-image-gallery__media-wrapper' data-spectra-gallery-image-id='2855' tabindex=\"0\">\n\t\t\t\t\t\t\t<div class=\"spectra-image-gallery__media spectra-image-gallery__media--masonry\">\n\t\t\t\t<picture>\n\t\t\t\t\t<source media=\"(min-width: 1024px)\" srcset=\"https:\/\/stubenjazz.de\/stj\/wp-content\/uploads\/2023\/08\/Jonas-Engel-1024x881.png\">\n\t\t\t\t\t<source media=\"(min-width: 768px)\" srcset=\"https:\/\/stubenjazz.de\/stj\/wp-content\/uploads\/2023\/08\/Jonas-Engel-1024x881.png\">\n\t\t\t\t\t<img decoding=\"async\" class=\"spectra-image-gallery__media-thumbnail spectra-image-gallery__media-thumbnail--masonry\" src=\"https:\/\/stubenjazz.de\/stj\/wp-content\/uploads\/2023\/08\/Jonas-Engel-300x258.png\" alt=\"Jonas Engel\" loading=\"lazy\" \/>\n\t\t\t\t<\/picture>\n\t\t\t\t<div class=\"spectra-image-gallery__media-thumbnail-blurrer\"><\/div>\n\t\t\t\t\t\t\t\t\t\t\t<div class=\"spectra-image-gallery__media-thumbnail-caption-wrapper spectra-image-gallery__media-thumbnail-caption-wrapper--overlay\">\n\t\t\t\t\t\t\t\t\t\t\t<div class=\"spectra-image-gallery__media-thumbnail-caption spectra-image-gallery__media-thumbnail-caption--overlay\">\n\t\t\t\t\tJonas Engel\t\t\t\t<\/div>\n\t\t\t\t\t\t\t\t\t\t<\/div>\n\t\t\t\t\t\t\t\t\t<\/div>\n\t\t\t\t\t\t<\/div>\n\t\t\t\t\t\t<\/div>\n\t\t\t\t\t\t\t\t\t\t<\/div>\n\t\t\t\t\t\t\t\t\t\t\t\t\t\t\t\t\t\t<\/div>\n\t\t\t\t\t\t\t\t\t\n\n\n<p><\/p>\n\n\n\n<p><a href=\"https:\/\/stubenjazz.de\/stj\/michael-t-otto\/\" data-type=\"page\" data-id=\"571\"><strong>Michael T. Otto<\/strong><\/a> (D) &#8211; div. Blelchblasinstrumente und Live-Elektronik<\/p>\n\n\n\n<p><a href=\"https:\/\/www.benjaminengel.de\/\" target=\"_blank\" rel=\"noreferrer noopener\">Benjamin Engel<\/a> &#8211; div. Holzblasinstrumente <\/p>\n\n\n\n<p><a href=\"https:\/\/jonasengel.com\/\" target=\"_blank\" rel=\"noreferrer noopener\">Jonas Engel<\/a> &#8211; Saxophon und Live-Elektronik <\/p>\n\n\n\n<h2 class=\"wp-block-heading\"><span style=\"color: #000000;\" class=\"stk-highlight\"><span style=\"color: #000000;\" class=\"stk-highlight\">Barbara Marie Hofmann<\/span><\/span><\/h2>\n\n\n\n<p><a href=\"https:\/\/barbaramariehofmann.com\/\">https:\/\/barbaramariehofmann.com\/<\/a><\/p>\n\n\n\n<p>Barbara Marie Hofmann ist Lyrikerin, die mit Sprache und Raum arbeitet. Mit einem poetischen Blick beobachtet sie Umgebungen, die sie mit Sprache, Bild und Ton gestaltet, ob auf der B\u00fchne oder im urbanen Raum. In ihrer k\u00fcnstlerischen Umsetzung arbeitet sie mit mehrsprachigen Ans\u00e4tzen und interdisziplin\u00e4ren Kollaborationen (Sound, Tanz, Performance, Animation). Als Autorin ist sie Teil des internationalen Performance-Kollektivs compagnie o. Ihre Gedichte wurden bereits in Anthologien und Zeitschriften sowie in Theaterst\u00fccken und szenischen Lesungen in Deutschland, der Schweiz und den USA ver\u00f6ffentlicht.<\/p>\n\n\n\n<h2 class=\"wp-block-heading\"><\/h2>\n\n\n\n<p class=\"has-black-color has-text-color\"><\/p>\n<\/div><\/div>\n<\/div><\/div><\/div>\n<\/div><\/div><\/div><\/div>\n<style class=\"advgb-styles-renderer\">.stk-3816ae0 .stk-img-wrapper{width:50% !important;height:50% !important}.stk-3816ae0 .stk-img-wrapper img{object-position:49% 19% !important}.stk-6c36829{margin-bottom:0px !important}.stk-6c36829 .stk-img-wrapper{width:50% !important;height:50% !important}#advgb-cols-ac60ae3a-f5e0-4bf3-891b-16b47c3c2db2{}@media screen and (max-width: 1023px) {#advgb-cols-ac60ae3a-f5e0-4bf3-891b-16b47c3c2db2{}}@media screen and (max-width: 767px) {#advgb-cols-ac60ae3a-f5e0-4bf3-891b-16b47c3c2db2{}}#advgb-col-b4ff3014-36c6-4d04-9092-9366323ddc89>.advgb-column-inner{}@media screen and (max-width: 1023px) {#advgb-col-b4ff3014-36c6-4d04-9092-9366323ddc89>.advgb-column-inner{}}@media screen and (max-width: 767px) {#advgb-col-b4ff3014-36c6-4d04-9092-9366323ddc89>.advgb-column-inner{}}#advgb-col-85e95c7a-e656-4b48-8265-19301e446ec2>.advgb-column-inner{}@media screen and (max-width: 1023px) {#advgb-col-85e95c7a-e656-4b48-8265-19301e446ec2>.advgb-column-inner{}}@media screen and (max-width: 767px) {#advgb-col-85e95c7a-e656-4b48-8265-19301e446ec2>.advgb-column-inner{}}<\/style>","protected":false},"excerpt":{"rendered":"","protected":false},"author":1,"featured_media":0,"parent":0,"menu_order":0,"comment_status":"closed","ping_status":"closed","template":"page-templates\/page-fullwidth.php","meta":{"_coblocks_attr":"","_coblocks_dimensions":"","_coblocks_responsive_height":"","_coblocks_accordion_ie_support":"","_uag_custom_page_level_css":"","ub_ctt_via":"","advgb_blocks_editor_width":"","advgb_blocks_columns_visual_guide":"","footnotes":""},"featured_image_src":null,"uagb_featured_image_src":{"full":false,"thumbnail":false,"medium":false,"medium_large":false,"large":false,"1536x1536":false,"2048x2048":false},"uagb_author_info":{"display_name":"Andrea","author_link":"https:\/\/stubenjazz.de\/stj\/author\/andrea\/"},"uagb_comment_info":0,"uagb_excerpt":null,"coauthors":[],"author_meta":{"author_link":"https:\/\/stubenjazz.de\/stj\/author\/andrea\/","display_name":"Andrea"},"relative_dates":{"created":"Posted 3\u00a0Jahren ago","modified":"Updated 2\u00a0Jahren ago"},"absolute_dates":{"created":"Posted on 27. August 2023","modified":"Updated on 22. Juli 2024"},"absolute_dates_time":{"created":"Posted on 27. August 2023 15:47","modified":"Updated on 22. Juli 2024 15:57"},"featured_img_caption":"","featured_img":false,"series_order":"","_links":{"self":[{"href":"https:\/\/stubenjazz.de\/stj\/wp-json\/wp\/v2\/pages\/2842"}],"collection":[{"href":"https:\/\/stubenjazz.de\/stj\/wp-json\/wp\/v2\/pages"}],"about":[{"href":"https:\/\/stubenjazz.de\/stj\/wp-json\/wp\/v2\/types\/page"}],"author":[{"embeddable":true,"href":"https:\/\/stubenjazz.de\/stj\/wp-json\/wp\/v2\/users\/1"}],"replies":[{"embeddable":true,"href":"https:\/\/stubenjazz.de\/stj\/wp-json\/wp\/v2\/comments?post=2842"}],"version-history":[{"count":10,"href":"https:\/\/stubenjazz.de\/stj\/wp-json\/wp\/v2\/pages\/2842\/revisions"}],"predecessor-version":[{"id":3367,"href":"https:\/\/stubenjazz.de\/stj\/wp-json\/wp\/v2\/pages\/2842\/revisions\/3367"}],"wp:attachment":[{"href":"https:\/\/stubenjazz.de\/stj\/wp-json\/wp\/v2\/media?parent=2842"}],"curies":[{"name":"wp","href":"https:\/\/api.w.org\/{rel}","templated":true}]}}