{"id":3186,"date":"2024-03-12T15:28:25","date_gmt":"2024-03-12T14:28:25","guid":{"rendered":"https:\/\/stubenjazz.de\/stj\/?page_id=3186"},"modified":"2024-07-22T15:57:53","modified_gmt":"2024-07-22T13:57:53","slug":"7-mai-2024","status":"publish","type":"page","link":"https:\/\/stubenjazz.de\/stj\/7-mai-2024\/","title":{"rendered":"7. Mai 2024"},"content":{"rendered":"\n<div id=\"\" class=\"wp-block-gosign-gosign-background-contianer gosign-color-section btn-full align-false default-padding no-margin boxed-width no-min-height darkColorLayout no-top-border no-bottom-border colorSectionFe background-scroll background-repeat overlay-false defined-width\"><div class=\"outer-container background-scroll\" style=\"background-repeat:repeat;background-color:#f2f2f2\"><div class=\"inner-container\"><div class=\"contentBlock\">\n<div class=\"wp-block-advgb-columns advgb-columns-wrapper\" id=\"advgb-cols-090af91f-4ead-4db6-8eca-732eeb0876ca\"><div class=\"advgb-columns-container\"><div class=\"advgb-columns advgb-columns-row advgb-is-mobile advgb-columns-2 layout-12-12 mbl-layout-stacked vgutter-10\">\n<div class=\"wp-block-advgb-column advgb-column\" id=\"advgb-col-a5d4c36e-63b9-488e-9ec4-afdfd1eda562\"><div class=\"advgb-column-inner\" style=\"border-style:none;border-width:1px\">\n<div class=\"wp-block-group\"><div class=\"wp-block-group__inner-container is-layout-constrained wp-block-group-is-layout-constrained\">\n<h4 class=\"wp-block-heading has-text-align-center has-custom-lineheight has-custom-letterspacing\" id=\"1-angaben-gem%C3%A4%C3%9F-%C2%A7-5-tmg\" style=\"line-height:1.56;letter-spacing:-1px;font-size:31px\"><span style=\"color: #000000;\" class=\"stk-highlight\"><strong>7. Mai 2024 <\/strong><\/span><br><span style=\"color: #000000;\" class=\"stk-highlight\"><span style=\"color: #000000;\" class=\"stk-highlight\"><\/span><\/span><\/h4>\n<\/div><\/div>\n\n\n\n<div class=\"wp-block-stackable-text stk-block-text stk-block stk-30de2a5\" data-block-id=\"30de2a5\"><p class=\"stk-block-text__text has-text-align-center\">                            19.30 Uhr<br>                        <strong><a href=\"https:\/\/kommprobier.de\" target=\"_blank\" rel=\"noreferrer noopener\">KommproBier<\/a><\/strong> <br>                         M\u00fchlstrasse 28<br>           88085 Langenargen am Bodensee<br><br><strong>Vorverkauf (13 Euro)<\/strong><br>Abendkasse 15 Euro<br><strong>Einlass 19 Uhr<\/strong><br>                         <\/p><\/div>\n\n\n\n<figure class=\"wp-block-image size-full\"><img fetchpriority=\"high\" decoding=\"async\" width=\"636\" height=\"600\" src=\"https:\/\/stubenjazz.de\/stj\/wp-content\/uploads\/2024\/03\/4Arnold-Stadler-Pressefoto.png\" alt=\"Arnold Stadler, Bild J\u00fcrgen Bauer\" class=\"wp-image-3211\" srcset=\"https:\/\/stubenjazz.de\/stj\/wp-content\/uploads\/2024\/03\/4Arnold-Stadler-Pressefoto.png 636w, https:\/\/stubenjazz.de\/stj\/wp-content\/uploads\/2024\/03\/4Arnold-Stadler-Pressefoto-300x283.png 300w\" sizes=\"(max-width: 636px) 100vw, 636px\" \/><\/figure>\n\n\n\n<p><\/p>\n\n\n\n<p><\/p>\n\n\n\n<h2 class=\"wp-block-heading has-text-align-center\" id=\"1-angaben-gem%C3%A4%C3%9F-%C2%A7-5-tmg\"><span style=\"color: #000000;\" class=\"stk-highlight\">Arnold Stadler<br>&amp;<br>Joo Kraus &#8211; Ralf Merten &#8211; Michael T. Otto<\/span><\/h2>\n\n\n\n<div class=\"wp-block-stackable-image stk-block-image stk-block stk-3816ae0\" data-block-id=\"3816ae0\"><\/div>\n<\/div><\/div>\n\n\n\n<div class=\"wp-block-advgb-column advgb-column\" id=\"advgb-col-b2ce8f74-72d1-4261-8b80-2a888b17b62e\"><div class=\"advgb-column-inner\" style=\"border-style:none;border-width:1px\">\n<div class=\"wp-block-stackable-image stk-block-image stk-block stk-6c36829\" data-block-id=\"6c36829\"><\/div>\n\n\n\t\t\t\t\t<div\n\t\t\t\t\t\tclass=\"wp-block-uagb-image-gallery uagb-block-13953a5c     \"\n\t\t\t\t\t\tstyle=\"\"\n\t\t\t\t\t>\n\t\t\t\t\t\t\t\t\t\t\t<div class=\"spectra-image-gallery spectra-image-gallery__layout--masonry spectra-image-gallery__layout--masonry-col-2 spectra-image-gallery__layout--masonry-col-tab-3 spectra-image-gallery__layout--masonry-col-mob-2\">\n\t\t\t\t\t\t\t\t\t\t\t<div class='spectra-image-gallery__media-wrapper--isotope'>\n\t\t\t\t\t\t\t<div class='spectra-image-gallery__media-wrapper' data-spectra-gallery-image-id='3197' tabindex=\"0\">\n\t\t\t\t\t\t\t<div class=\"spectra-image-gallery__media spectra-image-gallery__media--masonry\">\n\t\t\t\t<picture>\n\t\t\t\t\t<source media=\"(min-width: 1024px)\" srcset=\"https:\/\/stubenjazz.de\/stj\/wp-content\/uploads\/2024\/03\/Ralf-Merten-by-Christof-Mattes.jpeg\">\n\t\t\t\t\t<source media=\"(min-width: 768px)\" srcset=\"https:\/\/stubenjazz.de\/stj\/wp-content\/uploads\/2024\/03\/Ralf-Merten-by-Christof-Mattes.jpeg\">\n\t\t\t\t\t<img decoding=\"async\" class=\"spectra-image-gallery__media-thumbnail spectra-image-gallery__media-thumbnail--masonry\" src=\"https:\/\/stubenjazz.de\/stj\/wp-content\/uploads\/2024\/03\/Ralf-Merten-by-Christof-Mattes-225x300.jpeg\" alt=\"Ralf Merten by Christof Mattes\" loading=\"lazy\" \/>\n\t\t\t\t<\/picture>\n\t\t\t\t<div class=\"spectra-image-gallery__media-thumbnail-blurrer\"><\/div>\n\t\t\t\t\t\t\t\t\t\t\t<div class=\"spectra-image-gallery__media-thumbnail-caption-wrapper spectra-image-gallery__media-thumbnail-caption-wrapper--overlay\">\n\t\t\t\t\t\t\t\t\t\t\t<div class=\"spectra-image-gallery__media-thumbnail-caption spectra-image-gallery__media-thumbnail-caption--overlay\">\n\t\t\t\t\tRalf Merten by Christof Mattes\t\t\t\t<\/div>\n\t\t\t\t\t\t\t\t\t\t<\/div>\n\t\t\t\t\t\t\t\t\t<\/div>\n\t\t\t\t\t\t<\/div>\n\t\t\t\t\t\t<\/div>\n\t\t\t\t\t\t<div class='spectra-image-gallery__media-wrapper--isotope'>\n\t\t\t\t\t\t\t<div class='spectra-image-gallery__media-wrapper' data-spectra-gallery-image-id='3196' tabindex=\"0\">\n\t\t\t\t\t\t\t<div class=\"spectra-image-gallery__media spectra-image-gallery__media--masonry\">\n\t\t\t\t<picture>\n\t\t\t\t\t<source media=\"(min-width: 1024px)\" srcset=\"https:\/\/stubenjazz.de\/stj\/wp-content\/uploads\/2024\/03\/JooKraus_cRobStirner_medium-3.jpeg\">\n\t\t\t\t\t<source media=\"(min-width: 768px)\" srcset=\"https:\/\/stubenjazz.de\/stj\/wp-content\/uploads\/2024\/03\/JooKraus_cRobStirner_medium-3.jpeg\">\n\t\t\t\t\t<img decoding=\"async\" class=\"spectra-image-gallery__media-thumbnail spectra-image-gallery__media-thumbnail--masonry\" src=\"https:\/\/stubenjazz.de\/stj\/wp-content\/uploads\/2024\/03\/JooKraus_cRobStirner_medium-3-300x199.jpeg\" alt=\"Joo Kraus, Foto Rob Stirner\" loading=\"lazy\" \/>\n\t\t\t\t<\/picture>\n\t\t\t\t<div class=\"spectra-image-gallery__media-thumbnail-blurrer\"><\/div>\n\t\t\t\t\t\t\t\t\t\t\t<div class=\"spectra-image-gallery__media-thumbnail-caption-wrapper spectra-image-gallery__media-thumbnail-caption-wrapper--overlay\">\n\t\t\t\t\t\t\t\t\t\t\t<div class=\"spectra-image-gallery__media-thumbnail-caption spectra-image-gallery__media-thumbnail-caption--overlay\">\n\t\t\t\t\tJoo Kraus, Foto Rob Stirner\t\t\t\t<\/div>\n\t\t\t\t\t\t\t\t\t\t<\/div>\n\t\t\t\t\t\t\t\t\t<\/div>\n\t\t\t\t\t\t<\/div>\n\t\t\t\t\t\t<\/div>\n\t\t\t\t\t\t<div class='spectra-image-gallery__media-wrapper--isotope'>\n\t\t\t\t\t\t\t<div class='spectra-image-gallery__media-wrapper' data-spectra-gallery-image-id='3194' tabindex=\"0\">\n\t\t\t\t\t\t\t<div class=\"spectra-image-gallery__media spectra-image-gallery__media--masonry\">\n\t\t\t\t<picture>\n\t\t\t\t\t<source media=\"(min-width: 1024px)\" srcset=\"https:\/\/stubenjazz.de\/stj\/wp-content\/uploads\/2024\/03\/0U6A5795.jpeg\">\n\t\t\t\t\t<source media=\"(min-width: 768px)\" srcset=\"https:\/\/stubenjazz.de\/stj\/wp-content\/uploads\/2024\/03\/0U6A5795.jpeg\">\n\t\t\t\t\t<img decoding=\"async\" class=\"spectra-image-gallery__media-thumbnail spectra-image-gallery__media-thumbnail--masonry\" src=\"https:\/\/stubenjazz.de\/stj\/wp-content\/uploads\/2024\/03\/0U6A5795-200x300.jpeg\" alt=\"Michael T. Otto, Foto Conni Breyer\" loading=\"lazy\" \/>\n\t\t\t\t<\/picture>\n\t\t\t\t<div class=\"spectra-image-gallery__media-thumbnail-blurrer\"><\/div>\n\t\t\t\t\t\t\t\t\t\t\t<div class=\"spectra-image-gallery__media-thumbnail-caption-wrapper spectra-image-gallery__media-thumbnail-caption-wrapper--overlay\">\n\t\t\t\t\t\t\t\t\t\t\t<div class=\"spectra-image-gallery__media-thumbnail-caption spectra-image-gallery__media-thumbnail-caption--overlay\">\n\t\t\t\t\tMichael T. Otto, Foto Conny Breyer\t\t\t\t<\/div>\n\t\t\t\t\t\t\t\t\t\t<\/div>\n\t\t\t\t\t\t\t\t\t<\/div>\n\t\t\t\t\t\t<\/div>\n\t\t\t\t\t\t<\/div>\n\t\t\t\t\t\t\t\t\t\t<\/div>\n\t\t\t\t\t\t\t\t\t\t\t\t\t\t\t\t\t\t<\/div>\n\t\t\t\t\t\t\t\t\t\n\n\n<div style=\"height:100px\" aria-hidden=\"true\" class=\"wp-block-spacer\"><\/div>\n\n\n\n<p><a href=\"https:\/\/www.jookraus.com\/\" target=\"_blank\" rel=\"noreferrer noopener\">Joo Kraus<\/a> (D) &#8211; Trompete\/ Fl\u00fcgelhorn\/ Vocal und Live-Elektronik <\/p>\n\n\n\n<p><a href=\"https:\/\/stubenjazz.de\/stj\/michael-t-otto\/\" data-type=\"page\" data-id=\"571\"><strong>Michael T. Otto<\/strong><\/a> (D) &#8211; div. Blelchblasinstrumente und Live-Elektronik<\/p>\n\n\n\n<p><a href=\"https:\/\/kubikmusik.net\/beispiel-seite\/\" target=\"_blank\" rel=\"noreferrer noopener\">Ralf Merten<\/a> (D) &#8211; Keyboard und Live-Elektronik <\/p>\n\n\n\n<h2 class=\"wp-block-heading\"><span style=\"color: #000000;\" class=\"stk-highlight\"><span style=\"color: #000000;\" class=\"stk-highlight\">Arnold Stadler<\/span><\/span><\/h2>\n\n\n\n<p><a href=\"https:\/\/www.fischerverlage.de\/autor\/arnold-stadler-1004556\" target=\"_blank\" rel=\"noreferrer noopener\">https:\/\/www.fischerverlage.de\/autor\/arnold-stadler-1004556<\/a><\/p>\n\n\n\n<p>Am 7. Mai, um 19.30 Uhr geht die vom Kulturamt des Bodenseekreises und dem Langenargener Jazzmusiker Michael T. Otto kuratierte Reihe \u201eLA CONNECTION&nbsp; Jazz &amp; Wort im Bierladen\u201c in die n\u00e4chste Runde. Dieses Mal mit hochkar\u00e4tigen G\u00e4sten. Der B\u00fcchner-Preistr\u00e4ger Arnold Stadler aus Rast bei Me\u00dfkirch wird aus seinem neuen Roman \u201eIrgendwo. Aber am Meer&#8220; lesen. Im Mittelpunkt steht die Frage, was ist die Welt und was ist der Mensch, so Stadler. Der Autor ist ferner 2014 mit dem Bodensee-Literaturpreis der Stadt \u00dcberlingen ausgezeichnet worden.<\/p>\n\n\n\n<p>Ebenso renommiert ist der musikalische Part besetzt. Das Trio Joo Kraus, Ralf Merten und Michael T. Otto wird mit elektronischer Musik und div. Blechblasinstrumenten den Abend spontan musikalisch gestalten. Mit Joo Kraus ist einer bekanntesten Jazztrompeter Deutschlands mit dabei. Viele Jahre war er mit dem Duo TAB TWO weltweit auf Tour. Ein freudiges Wiedersehen nach 38 Jahren gibt es f\u00fcr Ralf Merten und Michael T. Otto. Beide spielten in ihrer Jugend gemeinsam viele Jahre in einer Funk-Band. Ihre letzte gemeinsame musikalische Aktion war 1986 ein Nachwuchsfestival mit einer Schallplattenproduktion welche den Titel \u201eDIE STARS VON MORGEN\u201c hatte.<\/p>\n\n\n\n<h2 class=\"wp-block-heading\"><\/h2>\n\n\n\n<p class=\"has-black-color has-text-color\"><\/p>\n<\/div><\/div>\n<\/div><\/div><\/div>\n<\/div><\/div><\/div><\/div>\n<style class=\"advgb-styles-renderer\">.stk-3816ae0 .stk-img-wrapper{width:50% !important;height:50% !important}.stk-3816ae0 .stk-img-wrapper img{object-position:49% 19% !important}.stk-6c36829{margin-bottom:0px !important}.stk-6c36829 .stk-img-wrapper{width:50% !important;height:50% !important}#advgb-cols-090af91f-4ead-4db6-8eca-732eeb0876ca{}@media screen and (max-width: 1023px) {#advgb-cols-090af91f-4ead-4db6-8eca-732eeb0876ca{}}@media screen and (max-width: 767px) {#advgb-cols-090af91f-4ead-4db6-8eca-732eeb0876ca{}}#advgb-col-a5d4c36e-63b9-488e-9ec4-afdfd1eda562>.advgb-column-inner{}@media screen and (max-width: 1023px) {#advgb-col-a5d4c36e-63b9-488e-9ec4-afdfd1eda562>.advgb-column-inner{}}@media screen and (max-width: 767px) {#advgb-col-a5d4c36e-63b9-488e-9ec4-afdfd1eda562>.advgb-column-inner{}}#advgb-col-b2ce8f74-72d1-4261-8b80-2a888b17b62e>.advgb-column-inner{}@media screen and (max-width: 1023px) {#advgb-col-b2ce8f74-72d1-4261-8b80-2a888b17b62e>.advgb-column-inner{}}@media screen and (max-width: 767px) {#advgb-col-b2ce8f74-72d1-4261-8b80-2a888b17b62e>.advgb-column-inner{}}<\/style>","protected":false},"excerpt":{"rendered":"","protected":false},"author":1,"featured_media":0,"parent":0,"menu_order":0,"comment_status":"closed","ping_status":"closed","template":"page-templates\/page-fullwidth.php","meta":{"_coblocks_attr":"","_coblocks_dimensions":"","_coblocks_responsive_height":"","_coblocks_accordion_ie_support":"","_uag_custom_page_level_css":"","ub_ctt_via":"","advgb_blocks_editor_width":"","advgb_blocks_columns_visual_guide":"","footnotes":""},"featured_image_src":null,"uagb_featured_image_src":{"full":false,"thumbnail":false,"medium":false,"medium_large":false,"large":false,"1536x1536":false,"2048x2048":false},"uagb_author_info":{"display_name":"Andrea","author_link":"https:\/\/stubenjazz.de\/stj\/author\/andrea\/"},"uagb_comment_info":0,"uagb_excerpt":null,"coauthors":[],"author_meta":{"author_link":"https:\/\/stubenjazz.de\/stj\/author\/andrea\/","display_name":"Andrea"},"relative_dates":{"created":"Posted 2\u00a0Jahren ago","modified":"Updated 2\u00a0Jahren ago"},"absolute_dates":{"created":"Posted on 12. M\u00e4rz 2024","modified":"Updated on 22. Juli 2024"},"absolute_dates_time":{"created":"Posted on 12. M\u00e4rz 2024 15:28","modified":"Updated on 22. Juli 2024 15:57"},"featured_img_caption":"","featured_img":false,"series_order":"","_links":{"self":[{"href":"https:\/\/stubenjazz.de\/stj\/wp-json\/wp\/v2\/pages\/3186"}],"collection":[{"href":"https:\/\/stubenjazz.de\/stj\/wp-json\/wp\/v2\/pages"}],"about":[{"href":"https:\/\/stubenjazz.de\/stj\/wp-json\/wp\/v2\/types\/page"}],"author":[{"embeddable":true,"href":"https:\/\/stubenjazz.de\/stj\/wp-json\/wp\/v2\/users\/1"}],"replies":[{"embeddable":true,"href":"https:\/\/stubenjazz.de\/stj\/wp-json\/wp\/v2\/comments?post=3186"}],"version-history":[{"count":10,"href":"https:\/\/stubenjazz.de\/stj\/wp-json\/wp\/v2\/pages\/3186\/revisions"}],"predecessor-version":[{"id":3368,"href":"https:\/\/stubenjazz.de\/stj\/wp-json\/wp\/v2\/pages\/3186\/revisions\/3368"}],"wp:attachment":[{"href":"https:\/\/stubenjazz.de\/stj\/wp-json\/wp\/v2\/media?parent=3186"}],"curies":[{"name":"wp","href":"https:\/\/api.w.org\/{rel}","templated":true}]}}