{"id":3863,"date":"2025-11-28T08:14:56","date_gmt":"2025-11-28T07:14:56","guid":{"rendered":"https:\/\/stubenjazz.de\/stj\/?page_id=3863"},"modified":"2025-11-28T13:05:49","modified_gmt":"2025-11-28T12:05:49","slug":"13-januar-2026","status":"publish","type":"page","link":"https:\/\/stubenjazz.de\/stj\/13-januar-2026\/","title":{"rendered":"13. Januar 2026"},"content":{"rendered":"\n<div id=\"\" class=\"wp-block-gosign-gosign-background-contianer gosign-color-section btn-full align-false default-padding no-margin boxed-width no-min-height darkColorLayout no-top-border no-bottom-border colorSectionFe background-scroll background-repeat overlay-false defined-width\"><div class=\"outer-container background-scroll\" style=\"background-repeat:repeat;background-color:#f2f2f2\"><div class=\"inner-container\"><div class=\"contentBlock\">\n<div class=\"wp-block-advgb-columns advgb-columns-wrapper\" id=\"advgb-cols-6aecb934-766d-4cd7-9a38-87b55b3845ed\"><div class=\"advgb-columns-container\"><div class=\"advgb-columns advgb-columns-row advgb-is-mobile advgb-columns-2 layout-12-12 mbl-layout-stacked vgutter-10\">\n<div class=\"wp-block-advgb-column advgb-column\" id=\"advgb-col-d705af6a-6d58-40a7-9d11-05c0372680ef\"><div class=\"advgb-column-inner\" style=\"border-style:none;border-width:1px\">\n<div class=\"wp-block-group\"><div class=\"wp-block-group__inner-container is-layout-constrained wp-block-group-is-layout-constrained\">\n<h4 class=\"wp-block-heading has-text-align-center has-custom-lineheight has-custom-letterspacing\" id=\"1-angaben-gem%C3%A4%C3%9F-%C2%A7-5-tmg\" style=\"line-height:1.56;letter-spacing:-1px;font-size:31px\"><span style=\"color: #000000;\" class=\"stk-highlight\"><strong>13. Januar 2026<\/strong><\/span><br><span style=\"color: #000000;\" class=\"stk-highlight\"><span style=\"color: #000000;\" class=\"stk-highlight\"><\/span><\/span><\/h4>\n<\/div><\/div>\n\n\n\n<div class=\"wp-block-stackable-text stk-block-text stk-block stk-30de2a5\" data-block-id=\"30de2a5\"><p class=\"stk-block-text__text has-text-align-center\">                            19.30 Uhr<br>                        <strong><a href=\"https:\/\/kommprobier.de\" target=\"_blank\" rel=\"noreferrer noopener\">KommproBier<\/a><\/strong> <br>                         M\u00fchlstrasse 28<br>           88085 Langenargen am Bodensee<br><br><strong><a href=\"https:\/\/shop.ticketpay.de\/HSM9563S\" data-type=\"link\" data-id=\"https:\/\/shop.ticketpay.de\/CEJT20W8\" target=\"_blank\" rel=\"noreferrer noopener\">Vorverkauf (13 Euro)<\/a><\/strong><br>Abendkasse 15 Euro<br><strong>Einlass 19 Uhr<\/strong><br><br>                         <\/p><\/div>\n\n\n\n<p><\/p>\n\n\n\n<p><\/p>\n\n\n\n<p><\/p>\n\n\n\n<h2 class=\"wp-block-heading has-text-align-center has-black-color has-text-color\" id=\"1-angaben-gem%C3%A4%C3%9F-%C2%A7-5-tmg\">&nbsp;<strong>Michael T. Otto &#8211; Roger N\u00e4f &#8211; <\/strong><br><strong>Dave M\u00e4der &#8211; Carlo Lorenzi  <\/strong><\/h2>\n\n\n\n<h4 class=\"wp-block-heading has-text-align-center\" id=\"1-angaben-gem%C3%A4%C3%9F-%C2%A7-5-tmg\"><span style=\"color: #000000;\" class=\"stk-highlight\"><strong>spielen Musik von<\/strong>&nbsp;CHUCK MANGIONE<\/span><\/h4>\n\n\n\n<h2 class=\"wp-block-heading has-text-align-center has-black-color has-text-color\" id=\"1-angaben-gem%C3%A4%C3%9F-%C2%A7-5-tmg\"><strong><br><span style=\"color: #000000;\" class=\"stk-highlight\">&amp;<br>Patrick van Odijk<\/span><\/strong><\/h2>\n\n\n\n<hr class=\"wp-block-separator has-alpha-channel-opacity\"\/>\n\n\n\n<div class=\"wp-block-stackable-image stk-block-image stk-block stk-3816ae0\" data-block-id=\"3816ae0\"><\/div>\n\n\n\n<div class=\"wp-block-stackable-text stk-block-text stk-block stk-4944b54\" data-block-id=\"4944b54\"><p class=\"stk-block-text__text has-text-align-left\"><strong>Konzertlesung im KommproBier: <\/strong><br><strong>Patrick van Odijk &amp; Chuck-Mangione-Kl\u00e4nge<\/strong><br><br>Am Dienstag, 13. Januar 2026, ist es wieder so weit: <br>LA CONNECTION \u2013 nach Ausfl\u00fcgen nach Salem und Friedrichshafen \u2013 ist wieder zu Hause im Bierladen KommproBier in Langenargen.<br><br>Die G\u00e4ste d\u00fcrfen sich erneut auf eine besondere Konzertlesung freuen. Der Autor Patrick van Odijk liest aus seinem packenden historischen Kriminalroman&nbsp;<em>Der falsche Vermeer<\/em>, \u00fcber einen der gr\u00f6\u00dften Kunstskandale der Geschichte \u2013 atmosph\u00e4risch, spannend, unvorhersehbar. Au\u00dferdem berichtet er \u00fcber seine Recherchen bei der Entstehung des Buches und zum Teil \u00fcberraschende Hintergrundinformationen. <br><br>Musikalisch wird er von einem Jazzquartett mit Michael T. Otto am Fl\u00fcgelhorn, Roger N\u00e4f am Piano, Dave M\u00e4der am E-Bass und Carlo Lorenzi am Schlagzeug begleitet, die ausschlie\u00dflich Kompositionen des im letzten Jahr verstorbenen Fl\u00fcgelhornisten Chuck Mangione spielen.<br><\/p><\/div>\n<\/div><\/div>\n\n\n\n<div class=\"wp-block-advgb-column advgb-column\" id=\"advgb-col-72f6bda7-9079-4859-a4b5-d3b458ff0e5d\"><div class=\"advgb-column-inner\" style=\"border-style:none;border-width:1px\">\n<div class=\"wp-block-stackable-image stk-block-image has-text-align-left stk-block stk-6c36829\" data-block-id=\"6c36829\"><\/div>\n\n\n\n<div class=\"wp-block-uagb-image uagb-block-7acd01f5 wp-block-uagb-image--layout-default wp-block-uagb-image--effect-static wp-block-uagb-image--align-none\"><figure class=\"wp-block-uagb-image__figure\"><img loading=\"lazy\" decoding=\"async\" srcset=\"https:\/\/stubenjazz.de\/stj\/wp-content\/uploads\/2025\/11\/2026-13-januar-LA-connection-collage-michael-t-otto-845x1024.png ,https:\/\/stubenjazz.de\/stj\/wp-content\/uploads\/2025\/11\/2026-13-januar-LA-connection-collage-michael-t-otto.png 780w, https:\/\/stubenjazz.de\/stj\/wp-content\/uploads\/2025\/11\/2026-13-januar-LA-connection-collage-michael-t-otto.png 360w\" sizes=\"(max-width: 480px) 150px\" src=\"https:\/\/stubenjazz.de\/stj\/wp-content\/uploads\/2025\/11\/2026-13-januar-LA-connection-collage-michael-t-otto-845x1024.png\" alt=\"\" class=\"uag-image-3891\" width=\"516\" height=\"1024\" title=\"\" loading=\"lazy\" role=\"presentation\"\/><\/figure><\/div>\n\n\n\n<p>Collage by Michael T. Otto*<\/p>\n\n\n\n<div style=\"height:37px\" aria-hidden=\"true\" class=\"wp-block-spacer\"><\/div>\n\n\n\n<h2 class=\"wp-block-heading\"><span style=\"color: #000000;\" class=\"stk-highlight\"><strong>Patrick van Odijk <\/strong>&#8211; Autor<\/span><\/h2>\n\n\n\n<p><strong><a href=\"https:\/\/stubenjazz.de\/stj\/michael-t-otto\/\">Michael T. Otto<\/a><\/strong> &#8211; Fl\u00fcgelhorn<br><strong>Roger N\u00e4f<\/strong> &#8211; E-Piano<br><strong>Dave M\u00e4der<\/strong> &#8211; E-Bass<br><strong>Carlo Lorenzi<\/strong> &#8211; Schlagzeug<\/p>\n\n\n\n<p><br><br><\/p>\n\n\n\n<p class=\"has-text-align-right\">*Foto by Michael T. Otto &amp; <a href=\"https:\/\/conni-breyer.de\" target=\"_blank\" rel=\"noreferrer noopener\">Conni Breyer<\/a><\/p>\n\n\n\n<h4 class=\"wp-block-heading\"><span style=\"color: #000000;\" class=\"stk-highlight\"><\/span><\/h4>\n\n\n\n<h2 class=\"wp-block-heading\"><br><span style=\"color: #000000;\" class=\"stk-highlight\"><\/span><\/h2>\n<\/div><\/div>\n<\/div><\/div><\/div>\n<\/div><\/div><\/div><\/div>\n<style class=\"advgb-styles-renderer\">.stk-3816ae0 .stk-img-wrapper{width:50% !important;height:50% !important;}.stk-3816ae0 .stk-img-wrapper img{object-position:49% 19% !important;}.stk-6c36829 .stk-img-wrapper{width:50% !important;height:50% !important;}#advgb-cols-6aecb934-766d-4cd7-9a38-87b55b3845ed{}@media screen and (max-width: 1023px) {#advgb-cols-6aecb934-766d-4cd7-9a38-87b55b3845ed{}}@media screen and (max-width: 767px) {#advgb-cols-6aecb934-766d-4cd7-9a38-87b55b3845ed{}}#advgb-col-d705af6a-6d58-40a7-9d11-05c0372680ef>.advgb-column-inner{}@media screen and (max-width: 1023px) {#advgb-col-d705af6a-6d58-40a7-9d11-05c0372680ef>.advgb-column-inner{}}@media screen and (max-width: 767px) {#advgb-col-d705af6a-6d58-40a7-9d11-05c0372680ef>.advgb-column-inner{}}#advgb-col-72f6bda7-9079-4859-a4b5-d3b458ff0e5d>.advgb-column-inner{}@media screen and (max-width: 1023px) {#advgb-col-72f6bda7-9079-4859-a4b5-d3b458ff0e5d>.advgb-column-inner{}}@media screen and (max-width: 767px) {#advgb-col-72f6bda7-9079-4859-a4b5-d3b458ff0e5d>.advgb-column-inner{}}<\/style>","protected":false},"excerpt":{"rendered":"","protected":false},"author":1,"featured_media":0,"parent":0,"menu_order":0,"comment_status":"closed","ping_status":"closed","template":"page-templates\/page-fullwidth.php","meta":{"_coblocks_attr":"","_coblocks_dimensions":"","_coblocks_responsive_height":"","_coblocks_accordion_ie_support":"","_uag_custom_page_level_css":"","ub_ctt_via":"","advgb_blocks_editor_width":"","advgb_blocks_columns_visual_guide":"","footnotes":""},"featured_image_src":null,"uagb_featured_image_src":{"full":false,"thumbnail":false,"medium":false,"medium_large":false,"large":false,"1536x1536":false,"2048x2048":false},"uagb_author_info":{"display_name":"Andrea","author_link":"https:\/\/stubenjazz.de\/stj\/author\/andrea\/"},"uagb_comment_info":0,"uagb_excerpt":null,"coauthors":[],"author_meta":{"author_link":"https:\/\/stubenjazz.de\/stj\/author\/andrea\/","display_name":"Andrea"},"relative_dates":{"created":"Posted 5\u00a0Monaten ago","modified":"Updated 5\u00a0Monaten ago"},"absolute_dates":{"created":"Posted on 28. November 2025","modified":"Updated on 28. November 2025"},"absolute_dates_time":{"created":"Posted on 28. November 2025 8:14","modified":"Updated on 28. November 2025 13:05"},"featured_img_caption":"","featured_img":false,"series_order":"","_links":{"self":[{"href":"https:\/\/stubenjazz.de\/stj\/wp-json\/wp\/v2\/pages\/3863"}],"collection":[{"href":"https:\/\/stubenjazz.de\/stj\/wp-json\/wp\/v2\/pages"}],"about":[{"href":"https:\/\/stubenjazz.de\/stj\/wp-json\/wp\/v2\/types\/page"}],"author":[{"embeddable":true,"href":"https:\/\/stubenjazz.de\/stj\/wp-json\/wp\/v2\/users\/1"}],"replies":[{"embeddable":true,"href":"https:\/\/stubenjazz.de\/stj\/wp-json\/wp\/v2\/comments?post=3863"}],"version-history":[{"count":15,"href":"https:\/\/stubenjazz.de\/stj\/wp-json\/wp\/v2\/pages\/3863\/revisions"}],"predecessor-version":[{"id":3893,"href":"https:\/\/stubenjazz.de\/stj\/wp-json\/wp\/v2\/pages\/3863\/revisions\/3893"}],"wp:attachment":[{"href":"https:\/\/stubenjazz.de\/stj\/wp-json\/wp\/v2\/media?parent=3863"}],"curies":[{"name":"wp","href":"https:\/\/api.w.org\/{rel}","templated":true}]}}