{"id":571,"date":"2018-11-01T16:30:32","date_gmt":"2018-11-01T15:30:32","guid":{"rendered":"http:\/\/stubenjazz.de\/stj\/?page_id=571"},"modified":"2026-01-12T13:49:22","modified_gmt":"2026-01-12T12:49:22","slug":"michael-t-otto","status":"publish","type":"page","link":"https:\/\/stubenjazz.de\/stj\/michael-t-otto\/","title":{"rendered":"Michael T. Otto"},"content":{"rendered":"\n<div id=\"\" class=\"wp-block-gosign-gosign-background-contianer gosign-color-section btn-full align-false default-padding no-margin boxed-width no-min-height darkColorLayout no-top-border no-bottom-border colorSectionFe background-scroll background-repeat overlay-false defined-width\"><div class=\"outer-container background-scroll\" style=\"background-repeat:repeat;background-color:#f2f2f2\"><div class=\"inner-container\"><div class=\"contentBlock\">\n<div class=\"wp-block-advgb-columns advgb-columns-wrapper\" id=\"advgb-cols-6927efa1-7ae5-44f4-9875-f8a4d0a32765\"><div class=\"advgb-columns-container\"><div class=\"advgb-columns advgb-columns-row advgb-is-mobile advgb-columns-2 layout-12-12 mbl-layout-stacked vgutter-10\">\n<div class=\"wp-block-advgb-column advgb-column\" id=\"advgb-col-4282c647-c711-435c-87c8-cd45c13bfe68\"><div class=\"advgb-column-inner\" style=\"border-style:none;border-width:1px\">\n<h1 class=\"wp-block-heading\" id=\"1-angaben-gem%C3%A4%C3%9F-%C2%A7-5-tmg\"><span style=\"color: #000000;\" class=\"stk-highlight\"><span style=\"color: #000000;\" class=\"stk-highlight\"><\/span><\/span><\/h1>\n\n\n\n<h2 class=\"wp-block-heading\" id=\"1-angaben-gem%C3%A4%C3%9F-%C2%A7-5-tmg\"><\/h2>\n\n\n\n<p><strong>Michael&nbsp;<\/strong><strong>T.<\/strong><strong>&nbsp;Otto<\/strong>&nbsp;gilt als einer der vielseitigsten&nbsp;Blechbl\u00e4ser&nbsp;und ist als Ausnahmetalent zu bezeichnen. Von der Trompete als seinem pers\u00f6nlichen Ursprung ausgehend, entwickelte er sich nach angeschlossenem Studium&nbsp;an der Hochschule f\u00fcr Musik und Tanz K\u00f6ln&nbsp;des Jazz, der Komposition, des Arrangements und der P\u00e4dagogik zum Gr\u00fcnder und Leiter verschiedener Ensembles wie Brass Band, Big Band und div. Jazz Konstellationen.&nbsp;<br>STUBENJAZZ als besondere Formation gilt als \u201eHerzst\u00fcck \u201c seines Schaffens, indem er sich der experimentellen Musik auch im Kontext mit zeitgen\u00f6ssischen Jazz- Arrangements traditioneller Musik widmet.&nbsp;<\/p>\n\n\n\n<p>Dar\u00fcber hinaus ist Michael T Otto P\u00e4dagoge, was sich nicht nur in seiner ausgew\u00e4hlten Lehrt\u00e4tigkeit sondern auch in dem von ihm federf\u00fchrend produzierten, preisgekr\u00f6nten ersten deutsch-franz\u00f6sischen Kindermusical \u201e<a href=\"https:\/\/youtu.be\/ELusj6k2nd4\">Pigeon Vole oder Ein Floh in geheimer Mission<\/a>\u201c ausdr\u00fcckt. Wie erw\u00e4hnt, ist Michael&nbsp;T. Otto&nbsp;auch Entwickler verschiedener Trompeten und Fl\u00fcgelh\u00f6rner und ist Erfinder des in der Blechbl\u00e4serwelt bekannten <a href=\"http:\/\/whisper-penny.de\">Whisper-Penny\u00ae<\/a> und der weltweit ersten <a href=\"http:\/\/synthetic-shell.com\">synthetischen Schneckenh\u00f6rner<\/a>.<br><br>=========================<br><strong>A musical educator, <\/strong>composer and arranger, Michael is also the founder of several diverse combos and ensembles, including the \u201cInternational MTO Jazz Quartet\u201d and \u201cSTUBENJAZZ.\u201d Additionally, he also develop Trumpets and Fluegelhorns. Michael is also the inventor of various trumpet and trombone accessories, namely, the ingenious <a href=\"https:\/\/whisper-penny-shop.de\" target=\"_blank\" rel=\"noreferrer noopener\">Whisper-Penny\u00ae<\/a>, a well-known tool in the trumpet and trombone community. MTO was instrumental in developing the world&#8217;s first <a href=\"http:\/\/synthetic-shell.com\">synthetic shell<\/a>.<br><\/p>\n\n\n\n<p><a rel=\"noreferrer noopener\" href=\"https:\/\/de.m.wikipedia.org\/wiki\/Michael_T._Otto\" target=\"_blank\">Michael T. Otto bei Wikipedia<\/a><\/p>\n\n\n\n<div class=\"wp-block-stackable-button-group stk-block-button-group stk-block stk-77ebe5f\" data-block-id=\"77ebe5f\"><div class=\"stk-row stk-inner-blocks stk-block-content stk-button-group\">\n<div class=\"wp-block-stackable-icon-button stk-block-icon-button stk-block stk-326cd6a\" data-block-id=\"326cd6a\"><a class=\"stk-link stk-button stk--hover-effect-darken\" href=\"https:\/\/m.youtube.com\/user\/mtotrumpet\" target=\"_blank\" rel=\"noreferrer noopener\"><span class=\"stk--svg-wrapper\"><div class=\"stk--inner-svg\"><svg class=\"ugb-custom-icon\" xmlns=\"http:\/\/www.w3.org\/2000\/svg\" viewBox=\"0 0 576 512\" aria-hidden=\"true\" width=\"32\" height=\"32\"><!--! Font Awesome Pro 6.4.0 by @fontawesome - https:\/\/fontawesome.com License - https:\/\/fontawesome.com\/license (Commercial License) Copyright 2023 Fonticons, Inc. --><path d=\"M549.655 124.083c-6.281-23.65-24.787-42.276-48.284-48.597C458.781 64 288 64 288 64S117.22 64 74.629 75.486c-23.497 6.322-42.003 24.947-48.284 48.597-11.412 42.867-11.412 132.305-11.412 132.305s0 89.438 11.412 132.305c6.281 23.65 24.787 41.5 48.284 47.821C117.22 448 288 448 288 448s170.78 0 213.371-11.486c23.497-6.321 42.003-24.171 48.284-47.821 11.412-42.867 11.412-132.305 11.412-132.305s0-89.438-11.412-132.305zm-317.51 213.508V175.185l142.739 81.205-142.739 81.201z\"><\/path><\/svg><\/div><\/span><\/a><\/div>\n\n\n\n<div class=\"wp-block-stackable-icon-button stk-block-icon-button stk-block stk-29a265b\" data-block-id=\"29a265b\"><a class=\"stk-link stk-button stk--hover-effect-darken\" href=\"https:\/\/www.linkedin.com\/in\/michael-t-otto-b2829031\/\" target=\"_blank\" rel=\"noreferrer noopener\"><span class=\"stk--svg-wrapper\"><div class=\"stk--inner-svg\"><svg class=\"ugb-custom-icon\" xmlns=\"http:\/\/www.w3.org\/2000\/svg\" viewBox=\"0 0 448 512\" aria-hidden=\"true\" width=\"32\" height=\"32\"><!--! Font Awesome Pro 6.4.0 by @fontawesome - https:\/\/fontawesome.com License - https:\/\/fontawesome.com\/license (Commercial License) Copyright 2023 Fonticons, Inc. --><path d=\"M416 32H31.9C14.3 32 0 46.5 0 64.3v383.4C0 465.5 14.3 480 31.9 480H416c17.6 0 32-14.5 32-32.3V64.3c0-17.8-14.4-32.3-32-32.3zM135.4 416H69V202.2h66.5V416zm-33.2-243c-21.3 0-38.5-17.3-38.5-38.5S80.9 96 102.2 96c21.2 0 38.5 17.3 38.5 38.5 0 21.3-17.2 38.5-38.5 38.5zm282.1 243h-66.4V312c0-24.8-.5-56.7-34.5-56.7-34.6 0-39.9 27-39.9 54.9V416h-66.4V202.2h63.7v29.2h.9c8.9-16.8 30.6-34.5 62.9-34.5 67.2 0 79.7 44.3 79.7 101.9V416z\"><\/path><\/svg><\/div><\/span><\/a><\/div>\n\n\n\n<div class=\"wp-block-stackable-icon-button stk-block-icon-button stk-block stk-ac527f4\" data-block-id=\"ac527f4\"><a class=\"stk-link stk-button stk--hover-effect-darken\" href=\"https:\/\/mobile.twitter.com\/mt8o\" target=\"_blank\" rel=\"noreferrer noopener\"><span class=\"stk--svg-wrapper\"><div class=\"stk--inner-svg\"><svg class=\"ugb-custom-icon\" xmlns=\"http:\/\/www.w3.org\/2000\/svg\" viewBox=\"0 0 512 512\" aria-hidden=\"true\" width=\"32\" height=\"32\"><!--! Font Awesome Pro 6.4.0 by @fontawesome - https:\/\/fontawesome.com License - https:\/\/fontawesome.com\/license (Commercial License) Copyright 2023 Fonticons, Inc. --><path d=\"M459.37 151.716c.325 4.548.325 9.097.325 13.645 0 138.72-105.583 298.558-298.558 298.558-59.452 0-114.68-17.219-161.137-47.106 8.447.974 16.568 1.299 25.34 1.299 49.055 0 94.213-16.568 130.274-44.832-46.132-.975-84.792-31.188-98.112-72.772 6.498.974 12.995 1.624 19.818 1.624 9.421 0 18.843-1.3 27.614-3.573-48.081-9.747-84.143-51.98-84.143-102.985v-1.299c13.969 7.797 30.214 12.67 47.431 13.319-28.264-18.843-46.781-51.005-46.781-87.391 0-19.492 5.197-37.36 14.294-52.954 51.655 63.675 129.3 105.258 216.365 109.807-1.624-7.797-2.599-15.918-2.599-24.04 0-57.828 46.782-104.934 104.934-104.934 30.213 0 57.502 12.67 76.67 33.137 23.715-4.548 46.456-13.32 66.599-25.34-7.798 24.366-24.366 44.833-46.132 57.827 21.117-2.273 41.584-8.122 60.426-16.243-14.292 20.791-32.161 39.308-52.628 54.253z\"><\/path><\/svg><\/div><\/span><\/a><\/div>\n\n\n\n<div class=\"wp-block-stackable-icon-button stk-block-icon-button stk-block stk-f9404ea\" data-block-id=\"f9404ea\"><a class=\"stk-link stk-button stk--hover-effect-darken\" href=\"https:\/\/www.instagram.com\/mtotto88\/\" target=\"_blank\" rel=\"noreferrer noopener\"><span class=\"stk--svg-wrapper\"><div class=\"stk--inner-svg\"><svg class=\"ugb-custom-icon\" xmlns=\"http:\/\/www.w3.org\/2000\/svg\" viewBox=\"0 0 448 512\" aria-hidden=\"true\" width=\"32\" height=\"32\"><!--! Font Awesome Pro 6.4.0 by @fontawesome - https:\/\/fontawesome.com License - https:\/\/fontawesome.com\/license (Commercial License) Copyright 2023 Fonticons, Inc. --><path d=\"M224.1 141c-63.6 0-114.9 51.3-114.9 114.9s51.3 114.9 114.9 114.9S339 319.5 339 255.9 287.7 141 224.1 141zm0 189.6c-41.1 0-74.7-33.5-74.7-74.7s33.5-74.7 74.7-74.7 74.7 33.5 74.7 74.7-33.6 74.7-74.7 74.7zm146.4-194.3c0 14.9-12 26.8-26.8 26.8-14.9 0-26.8-12-26.8-26.8s12-26.8 26.8-26.8 26.8 12 26.8 26.8zm76.1 27.2c-1.7-35.9-9.9-67.7-36.2-93.9-26.2-26.2-58-34.4-93.9-36.2-37-2.1-147.9-2.1-184.9 0-35.8 1.7-67.6 9.9-93.9 36.1s-34.4 58-36.2 93.9c-2.1 37-2.1 147.9 0 184.9 1.7 35.9 9.9 67.7 36.2 93.9s58 34.4 93.9 36.2c37 2.1 147.9 2.1 184.9 0 35.9-1.7 67.7-9.9 93.9-36.2 26.2-26.2 34.4-58 36.2-93.9 2.1-37 2.1-147.8 0-184.8zM398.8 388c-7.8 19.6-22.9 34.7-42.6 42.6-29.5 11.7-99.5 9-132.1 9s-102.7 2.6-132.1-9c-19.6-7.8-34.7-22.9-42.6-42.6-11.7-29.5-9-99.5-9-132.1s-2.6-102.7 9-132.1c7.8-19.6 22.9-34.7 42.6-42.6 29.5-11.7 99.5-9 132.1-9s102.7-2.6 132.1 9c19.6 7.8 34.7 22.9 42.6 42.6 11.7 29.5 9 99.5 9 132.1s2.7 102.7-9 132.1z\"><\/path><\/svg><\/div><\/span><\/a><\/div>\n\n\n\n<div class=\"wp-block-stackable-icon-button stk-block-icon-button stk-block stk-95e72ff\" data-block-id=\"95e72ff\"><a class=\"stk-link stk-button stk--hover-effect-darken\" href=\"https:\/\/www.facebook.com\/Michael-T-Otto-2286041181656973\" target=\"_blank\" rel=\"noreferrer noopener\"><span class=\"stk--svg-wrapper\"><div class=\"stk--inner-svg\"><svg class=\"ugb-custom-icon\" xmlns=\"http:\/\/www.w3.org\/2000\/svg\" viewBox=\"0 0 512 512\" aria-hidden=\"true\" width=\"32\" height=\"32\"><!--! Font Awesome Pro 6.4.0 by @fontawesome - https:\/\/fontawesome.com License - https:\/\/fontawesome.com\/license (Commercial License) Copyright 2023 Fonticons, Inc. --><path d=\"M504 256C504 119 393 8 256 8S8 119 8 256c0 123.78 90.69 226.38 209.25 245V327.69h-63V256h63v-54.64c0-62.15 37-96.48 93.67-96.48 27.14 0 55.52 4.84 55.52 4.84v61h-31.28c-30.8 0-40.41 19.12-40.41 38.73V256h68.78l-11 71.69h-57.78V501C413.31 482.38 504 379.78 504 256z\"><\/path><\/svg><\/div><\/span><\/a><\/div>\n\n\n\n<div class=\"wp-block-stackable-icon-button stk-block-icon-button stk-block stk-91202ae\" data-block-id=\"91202ae\"><a class=\"stk-link stk-button stk--hover-effect-darken\" href=\"http:\/\/www.tiktok.com\/@michaelt.otto\" target=\"_blank\" rel=\"noreferrer noopener\"><span class=\"stk--svg-wrapper\"><div class=\"stk--inner-svg\"><svg class=\"ugb-custom-icon\" xmlns=\"http:\/\/www.w3.org\/2000\/svg\" viewBox=\"0 0 448 512\" aria-hidden=\"true\" width=\"32\" height=\"32\"><!--! Font Awesome Pro 6.4.0 by @fontawesome - https:\/\/fontawesome.com License - https:\/\/fontawesome.com\/license (Commercial License) Copyright 2023 Fonticons, Inc. --><path d=\"M448,209.91a210.06,210.06,0,0,1-122.77-39.25V349.38A162.55,162.55,0,1,1,185,188.31V278.2a74.62,74.62,0,1,0,52.23,71.18V0l88,0a121.18,121.18,0,0,0,1.86,22.17h0A122.18,122.18,0,0,0,381,102.39a121.43,121.43,0,0,0,67,20.14Z\"><\/path><\/svg><\/div><\/span><\/a><\/div>\n<\/div><\/div>\n\n\n\n<div class=\"wp-block-stackable-icon-box stk-block-icon-box stk-block stk-a4c12dc\" data-v=\"2\" data-block-id=\"a4c12dc\"><div class=\"stk-block-content stk-inner-blocks stk-block-icon-box__content stk-container stk-a4c12dc-container stk--no-background stk--no-padding\">\n<div class=\"wp-block-stackable-icon-label stk-block-icon-label stk-block stk-186a727\" data-block-id=\"186a727\"><div class=\"stk-row stk-inner-blocks stk-block-content\">\n<div class=\"wp-block-stackable-icon stk-block-icon has-text-align-left stk-block stk-4412870\" data-block-id=\"4412870\"><\/div>\n\n\n\n<div class=\"wp-block-stackable-heading stk-block-heading stk-block-heading--v2 stk-block stk-1892a52\" data-block-id=\"1892a52\"><h4 class=\"stk-block-heading__text\"><\/h4><\/div>\n<\/div><\/div>\n\n\n\n<div class=\"wp-block-stackable-text stk-block-text stk-block stk-878da2d stk-block-background\" data-block-id=\"878da2d\"><p class=\"stk-block-text__text\"><strong>for NEWS go to<\/strong><br><a href=\"https:\/\/www.facebook.com\/ottomichaelt\"><strong>Facebook<\/strong><\/a><br><a href=\"https:\/\/www.facebook.com\/Michael-T-Otto-2286041181656973\">Facebook public<\/a><br><a href=\"https:\/\/www.instagram.com\/mtotto88\"><strong>Instagram<\/strong><\/a><br><br>check out my new productions<br><strong><a href=\"https:\/\/listen.music-hub.com\/S8rlgU\">ST\u00d6RFELD<\/a><\/strong><br><strong><a href=\"https:\/\/music.apple.com\/de\/album\/blaues-land\/1719964365\">Blaues Land <\/a><\/strong><br><strong><a href=\"https:\/\/listen.music-hub.com\/nuLlm5\">Floating Night<\/a><\/strong><br><\/p><\/div>\n<\/div><\/div>\n\n\n\n<h2 class=\"wp-block-heading\"><a href=\"https:\/\/stubenjazz.de\/stj\/termine\/\"><strong>Termine<\/strong><\/a><\/h2>\n<\/div><\/div>\n\n\n\n<div class=\"wp-block-advgb-column advgb-column\" id=\"advgb-col-0e66a7a0-a1e0-4e87-8c74-12d0510ec021\"><div class=\"advgb-column-inner\" style=\"border-style:none;border-width:1px\">\n<div class=\"wp-block-uagb-image uagb-block-a4a5beca wp-block-uagb-image--layout-default wp-block-uagb-image--effect-static wp-block-uagb-image--align-none\"><figure class=\"wp-block-uagb-image__figure\"><img loading=\"lazy\" decoding=\"async\" srcset=\"https:\/\/stubenjazz.de\/stj\/wp-content\/uploads\/2023\/03\/wohnzimmer2-1-676x1024.png \" sizes=\"(max-width: 480px) 150px\" src=\"https:\/\/stubenjazz.de\/stj\/wp-content\/uploads\/2023\/03\/wohnzimmer2-1-676x1024.png\" alt=\"Michael T. Otto\" class=\"uag-image-2150\" width=\"676\" height=\"1024\" title=\"\" loading=\"lazy\" role=\"img\"\/><\/figure><\/div>\n\n\n\n<p class=\"has-black-color has-text-color\"><\/p>\n\n\n\n<div style=\"height:100px\" aria-hidden=\"true\" class=\"wp-block-spacer\"><\/div>\n<\/div><\/div>\n<\/div><\/div><\/div>\n<\/div><\/div><\/div><\/div>\n\n\n\n<p><br><\/p>\n\n\n\n<p><a href=\"https:\/\/stubenjazz.de\/stj\/termine\/\"><\/a><br><\/p>\n<style class=\"advgb-styles-renderer\">.stk-77ebe5f .stk-button-group{flex-direction:row !important;}@media screen and (max-width: 1023px){.stk-77ebe5f .stk-button-group{flex-direction:row !important;}}@media screen and (max-width: 767px){.stk-77ebe5f .stk-button-group{flex-direction:row !important;}}.stk-326cd6a .stk-button{background:#a8a8a8 !important;}.stk-326cd6a .stk-button .stk--inner-svg svg:last-child, .stk-326cd6a .stk-button .stk--inner-svg svg:last-child :is(g, path, rect, polygon, ellipse){fill:#ffffff !important;}.stk-29a265b .stk-button{background:#a8a8a8 !important;}.stk-29a265b .stk-button .stk--inner-svg svg:last-child, .stk-29a265b .stk-button .stk--inner-svg svg:last-child :is(g, path, rect, polygon, ellipse){fill:#ffffff !important;}.stk-ac527f4 .stk-button{background:#a8a8a8 !important;}.stk-ac527f4 .stk-button .stk--inner-svg svg:last-child, .stk-ac527f4 .stk-button .stk--inner-svg svg:last-child :is(g, path, rect, polygon, ellipse){fill:#ffffff !important;}.stk-f9404ea .stk-button{background:#a8a8a8 !important;}.stk-f9404ea .stk-button .stk--inner-svg svg:last-child, .stk-f9404ea .stk-button .stk--inner-svg svg:last-child :is(g, path, rect, polygon, ellipse){fill:#ffffff !important;}.stk-95e72ff .stk-button{background:#a8a8a8 !important;}.stk-95e72ff .stk-button .stk--inner-svg svg:last-child, .stk-95e72ff .stk-button .stk--inner-svg svg:last-child :is(g, path, rect, polygon, ellipse){fill:#ffffff !important;}.stk-91202ae .stk-button{background:#a8a8a8 !important;}.stk-91202ae .stk-button .stk--inner-svg svg:last-child, .stk-91202ae .stk-button .stk--inner-svg svg:last-child :is(g, path, rect, polygon, ellipse){fill:#ffffff !important;}.stk-878da2d {background-color:#ffffff !important;}.stk-878da2d:before{background-color:#ffffff !important;}#advgb-cols-6927efa1-7ae5-44f4-9875-f8a4d0a32765{}@media screen and (max-width: 1023px) {#advgb-cols-6927efa1-7ae5-44f4-9875-f8a4d0a32765{}}@media screen and (max-width: 767px) {#advgb-cols-6927efa1-7ae5-44f4-9875-f8a4d0a32765{}}#advgb-col-4282c647-c711-435c-87c8-cd45c13bfe68>.advgb-column-inner{padding-right:10px;}@media screen and (max-width: 1023px) {#advgb-col-4282c647-c711-435c-87c8-cd45c13bfe68>.advgb-column-inner{}}@media screen and (max-width: 767px) {#advgb-col-4282c647-c711-435c-87c8-cd45c13bfe68>.advgb-column-inner{}}#advgb-col-0e66a7a0-a1e0-4e87-8c74-12d0510ec021>.advgb-column-inner{}@media screen and (max-width: 1023px) {#advgb-col-0e66a7a0-a1e0-4e87-8c74-12d0510ec021>.advgb-column-inner{}}@media screen and (max-width: 767px) {#advgb-col-0e66a7a0-a1e0-4e87-8c74-12d0510ec021>.advgb-column-inner{}}<\/style>","protected":false},"excerpt":{"rendered":"","protected":false},"author":1,"featured_media":0,"parent":0,"menu_order":0,"comment_status":"closed","ping_status":"closed","template":"","meta":{"_coblocks_attr":"","_coblocks_dimensions":"","_coblocks_responsive_height":"","_coblocks_accordion_ie_support":"","_uag_custom_page_level_css":"","ub_ctt_via":"","advgb_blocks_editor_width":"","advgb_blocks_columns_visual_guide":"","footnotes":""},"featured_image_src":null,"uagb_featured_image_src":{"full":false,"thumbnail":false,"medium":false,"medium_large":false,"large":false,"1536x1536":false,"2048x2048":false},"uagb_author_info":{"display_name":"Andrea","author_link":"https:\/\/stubenjazz.de\/stj\/author\/andrea\/"},"uagb_comment_info":0,"uagb_excerpt":null,"coauthors":[],"author_meta":{"author_link":"https:\/\/stubenjazz.de\/stj\/author\/andrea\/","display_name":"Andrea"},"relative_dates":{"created":"Posted 7\u00a0Jahren ago","modified":"Updated 3\u00a0Monaten ago"},"absolute_dates":{"created":"Posted on 1. November 2018","modified":"Updated on 12. Januar 2026"},"absolute_dates_time":{"created":"Posted on 1. November 2018 16:30","modified":"Updated on 12. Januar 2026 13:49"},"featured_img_caption":"","featured_img":false,"series_order":"","_links":{"self":[{"href":"https:\/\/stubenjazz.de\/stj\/wp-json\/wp\/v2\/pages\/571"}],"collection":[{"href":"https:\/\/stubenjazz.de\/stj\/wp-json\/wp\/v2\/pages"}],"about":[{"href":"https:\/\/stubenjazz.de\/stj\/wp-json\/wp\/v2\/types\/page"}],"author":[{"embeddable":true,"href":"https:\/\/stubenjazz.de\/stj\/wp-json\/wp\/v2\/users\/1"}],"replies":[{"embeddable":true,"href":"https:\/\/stubenjazz.de\/stj\/wp-json\/wp\/v2\/comments?post=571"}],"version-history":[{"count":164,"href":"https:\/\/stubenjazz.de\/stj\/wp-json\/wp\/v2\/pages\/571\/revisions"}],"predecessor-version":[{"id":4018,"href":"https:\/\/stubenjazz.de\/stj\/wp-json\/wp\/v2\/pages\/571\/revisions\/4018"}],"wp:attachment":[{"href":"https:\/\/stubenjazz.de\/stj\/wp-json\/wp\/v2\/media?parent=571"}],"curies":[{"name":"wp","href":"https:\/\/api.w.org\/{rel}","templated":true}]}}